{"id":377,"date":"2024-03-28T11:10:10","date_gmt":"2024-03-28T10:10:10","guid":{"rendered":"https:\/\/trend-setting.fr\/1a1fr1\/?page_id=377"},"modified":"2024-04-12T10:21:47","modified_gmt":"2024-04-12T08:21:47","slug":"nos-thematiques-et-articles","status":"publish","type":"page","link":"https:\/\/trend-setting.fr\/1a1fr1\/nos-thematiques-et-articles\/","title":{"rendered":"Th\u00e9matiques et articles"},"content":{"rendered":"<p>[et_pb_section fb_built=\u00a0\u00bb1&Prime; _builder_version=\u00a0\u00bb4.23.1&Prime; _module_preset=\u00a0\u00bbdefault\u00a0\u00bb hover_enabled=\u00a0\u00bb0&Prime; global_colors_info=\u00a0\u00bb{}\u00a0\u00bb title_text=\u00a0\u00bbt\u00e9l\u00e9chargement (12)\u00a0\u00bb sticky_enabled=\u00a0\u00bb0&Prime; use_background_color_gradient=\u00a0\u00bbon\u00a0\u00bb background_enable_image=\u00a0\u00bboff\u00a0\u00bb background_color_gradient_stops=\u00a0\u00bb#863018 0%|#c55f0d 100%\u00a0\u00bb][et_pb_row _builder_version=\u00a0\u00bb4.23.1&Prime; _module_preset=\u00a0\u00bbdefault\u00a0\u00bb][et_pb_column _builder_version=\u00a0\u00bb4.23.1&Prime; _module_preset=\u00a0\u00bbdefault\u00a0\u00bb type=\u00a0\u00bb4_4&Prime;][et_pb_text _builder_version=\u00a0\u00bb4.23.1&Prime; _module_preset=\u00a0\u00bbdefault\u00a0\u00bb text_text_color=\u00a0\u00bb#FFFFFF\u00a0\u00bb hover_enabled=\u00a0\u00bb0&Prime; sticky_enabled=\u00a0\u00bb0&Prime; header_text_color=\u00a0\u00bb#FFFFFF\u00a0\u00bb]<\/p>\n<h1><strong>Th\u00e9matiques et Articles<\/strong><\/h1>\n<p>[\/et_pb_text][\/et_pb_column][\/et_pb_row][et_pb_row _builder_version=\u00a0\u00bb4.23.1&Prime; _module_preset=\u00a0\u00bbdefault\u00a0\u00bb hover_enabled=\u00a0\u00bb0&Prime; sticky_enabled=\u00a0\u00bb0&Prime;][et_pb_column _builder_version=\u00a0\u00bb4.23.1&Prime; _module_preset=\u00a0\u00bbdefault\u00a0\u00bb type=\u00a0\u00bb4_4&Prime;][et_pb_divider _builder_version=\u00a0\u00bb4.23.1&Prime; _module_preset=\u00a0\u00bbdefault\u00a0\u00bb hover_enabled=\u00a0\u00bb0&Prime; sticky_enabled=\u00a0\u00bb0&Prime; color=\u00a0\u00bb#FFFFFF\u00a0\u00bb divider_weight=\u00a0\u00bb5px\u00a0\u00bb][\/et_pb_divider][\/et_pb_column][\/et_pb_row][et_pb_row _builder_version=\u00a0\u00bb4.23.1&Prime; _module_preset=\u00a0\u00bbdefault\u00a0\u00bb column_structure=\u00a0\u00bb3_5,2_5&Prime; border_color_right=\u00a0\u00bb#FFFFFF\u00a0\u00bb hover_enabled=\u00a0\u00bb0&Prime; sticky_enabled=\u00a0\u00bb0&Prime;][et_pb_column _builder_version=\u00a0\u00bb4.23.1&Prime; _module_preset=\u00a0\u00bbdefault\u00a0\u00bb type=\u00a0\u00bb3_5&Prime;][et_pb_image src=\u00a0\u00bbhttps:\/\/trend-setting.fr\/1a1fr1\/wp-content\/uploads\/sites\/2\/2024\/04\/dive-in-e1712908815469.jpg\u00a0\u00bb _builder_version=\u00a0\u00bb4.23.1&Prime; _module_preset=\u00a0\u00bbdefault\u00a0\u00bb title_text=\u00a0\u00bbdive in\u00a0\u00bb hover_enabled=\u00a0\u00bb0&Prime; sticky_enabled=\u00a0\u00bb0&Prime; custom_padding=\u00a0\u00bb|90px||||\u00a0\u00bb custom_margin=\u00a0\u00bb|75px||||\u00a0\u00bb][\/et_pb_image][\/et_pb_column][et_pb_column _builder_version=\u00a0\u00bb4.23.1&Prime; _module_preset=\u00a0\u00bbdefault\u00a0\u00bb type=\u00a0\u00bb2_5&Prime;][et_pb_text _builder_version=\u00a0\u00bb4.23.1&Prime; _module_preset=\u00a0\u00bbdefault\u00a0\u00bb hover_enabled=\u00a0\u00bb0&Prime; sticky_enabled=\u00a0\u00bb0&Prime; width=\u00a0\u00bb99.7%\u00a0\u00bb custom_padding=\u00a0\u00bb|||3px||\u00a0\u00bb text_text_color=\u00a0\u00bb#FFFFFF\u00a0\u00bb text_font_size=\u00a0\u00bb21px\u00a0\u00bb header_5_text_color=\u00a0\u00bb#FFFFFF\u00a0\u00bb header_5_font_size=\u00a0\u00bb40px\u00a0\u00bb]<\/p>\n<h5><strong>Th\u00e8me : \u00ab \u00c9quilibre F\u00e9minin : \u00c9l\u00e9gance, Vitalit\u00e9 et S\u00e9r\u00e9nit\u00e9 \u00bb<\/strong><\/h5>\n<p style=\"text-align: justify\"><span>D\u00e9couvrez un voyage vers l&rsquo;\u00e9panouissement o\u00f9 la beaut\u00e9, le bien-\u00eatre et l&rsquo;harmonie de vie se fusionnent. Explorez la relation entre la confiance en soi et la beaut\u00e9, les tendances mode de 2024, le puppy yoga apaisant, la cr\u00e9ation d&rsquo;un mini potager \u00e0 domicile et l&rsquo;esth\u00e9tique sereine du minimalisme.<\/span><\/p>\n<p>[\/et_pb_text][et_pb_button button_text=\u00a0\u00bbD\u00e9couvrir\u00a0\u00bb _builder_version=\u00a0\u00bb4.23.1&Prime; _module_preset=\u00a0\u00bbdefault\u00a0\u00bb custom_button=\u00a0\u00bbon\u00a0\u00bb button_text_color=\u00a0\u00bb#FFFFFF\u00a0\u00bb button_icon=\u00a0\u00bb&#xe031;||divi||400&Prime; button_letter_spacing=\u00a0\u00bb12px\u00a0\u00bb button_border_radius=\u00a0\u00bb23px\u00a0\u00bb button_border_width=\u00a0\u00bb3px\u00a0\u00bb title_text=\u00a0\u00bbt\u00e9l\u00e9chargement (12)\u00a0\u00bb button_bg_image=\u00a0\u00bbhttps:\/\/trend-setting.fr\/1a1fr1\/wp-content\/uploads\/sites\/2\/2024\/04\/telechargement-12.jpg\u00a0\u00bb hover_enabled=\u00a0\u00bb0&Prime; sticky_enabled=\u00a0\u00bb0&Prime; button_url=\u00a0\u00bbhttps:\/\/trend-setting.fr\/1a1fr1\/servane\/\u00a0\u00bb locked=\u00a0\u00bboff\u00a0\u00bb button_alignment=\u00a0\u00bbcenter\u00a0\u00bb animation_style=\u00a0\u00bbfade\u00a0\u00bb][\/et_pb_button][\/et_pb_column][\/et_pb_row][et_pb_row _builder_version=\u00a0\u00bb4.23.1&Prime; _module_preset=\u00a0\u00bbdefault\u00a0\u00bb][et_pb_column _builder_version=\u00a0\u00bb4.23.1&Prime; _module_preset=\u00a0\u00bbdefault\u00a0\u00bb type=\u00a0\u00bb4_4&Prime;][et_pb_divider _builder_version=\u00a0\u00bb4.23.1&Prime; _module_preset=\u00a0\u00bbdefault\u00a0\u00bb hover_enabled=\u00a0\u00bb0&Prime; sticky_enabled=\u00a0\u00bb0&Prime; color=\u00a0\u00bb#FFFFFF\u00a0\u00bb divider_weight=\u00a0\u00bb5px\u00a0\u00bb][\/et_pb_divider][\/et_pb_column][\/et_pb_row][et_pb_row column_structure=\u00a0\u00bb1_5,1_5,1_5,1_5,1_5&Prime; _builder_version=\u00a0\u00bb4.23.1&Prime; _module_preset=\u00a0\u00bbdefault\u00a0\u00bb global_colors_info=\u00a0\u00bb{}\u00a0\u00bb][et_pb_column type=\u00a0\u00bb1_5&Prime; _builder_version=\u00a0\u00bb4.23.1&Prime; _module_preset=\u00a0\u00bbdefault\u00a0\u00bb global_colors_info=\u00a0\u00bb{}\u00a0\u00bb][et_pb_button button_url=\u00a0\u00bbhttps:\/\/trend-setting.fr\/1a1fr1\/lifestyle\/\u00a0\u00bb button_text=\u00a0\u00bbLifestyle\u00a0\u00bb _builder_version=\u00a0\u00bb4.23.1&Prime; _module_preset=\u00a0\u00bbdefault\u00a0\u00bb hover_enabled=\u00a0\u00bb0&Prime; global_colors_info=\u00a0\u00bb{}\u00a0\u00bb custom_button=\u00a0\u00bbon\u00a0\u00bb button_text_color=\u00a0\u00bb#FFFFFF\u00a0\u00bb sticky_enabled=\u00a0\u00bb0&Prime; button_letter_spacing=\u00a0\u00bb0px\u00a0\u00bb button_border_radius=\u00a0\u00bb15px\u00a0\u00bb button_font=\u00a0\u00bb|700|||||||\u00a0\u00bb][\/et_pb_button][\/et_pb_column][et_pb_column type=\u00a0\u00bb1_5&Prime; _builder_version=\u00a0\u00bb4.23.1&Prime; _module_preset=\u00a0\u00bbdefault\u00a0\u00bb global_colors_info=\u00a0\u00bb{}\u00a0\u00bb][et_pb_button button_url=\u00a0\u00bbhttps:\/\/trend-setting.fr\/1a1fr1\/bien-etre-sante\/\u00a0\u00bb button_text=\u00a0\u00bbBien-\u00eatre \u00a0\u00bb _builder_version=\u00a0\u00bb4.23.1&Prime; _module_preset=\u00a0\u00bbdefault\u00a0\u00bb hover_enabled=\u00a0\u00bb0&Prime; global_colors_info=\u00a0\u00bb{}\u00a0\u00bb custom_button=\u00a0\u00bbon\u00a0\u00bb button_text_color=\u00a0\u00bb#FFFFFF\u00a0\u00bb button_border_radius=\u00a0\u00bb15px\u00a0\u00bb button_letter_spacing=\u00a0\u00bb0px\u00a0\u00bb sticky_enabled=\u00a0\u00bb0&Prime;][\/et_pb_button][\/et_pb_column][et_pb_column type=\u00a0\u00bb1_5&Prime; _builder_version=\u00a0\u00bb4.23.1&Prime; _module_preset=\u00a0\u00bbdefault\u00a0\u00bb global_colors_info=\u00a0\u00bb{}\u00a0\u00bb][et_pb_button button_url=\u00a0\u00bbhttps:\/\/trend-setting.fr\/1a1fr1\/mode\/\u00a0\u00bb button_text=\u00a0\u00bbMode\u00a0\u00bb _builder_version=\u00a0\u00bb4.23.1&Prime; _module_preset=\u00a0\u00bbdefault\u00a0\u00bb hover_enabled=\u00a0\u00bb0&Prime; global_colors_info=\u00a0\u00bb{}\u00a0\u00bb custom_button=\u00a0\u00bbon\u00a0\u00bb button_text_color=\u00a0\u00bb#FFFFFF\u00a0\u00bb button_border_radius=\u00a0\u00bb15px\u00a0\u00bb button_letter_spacing=\u00a0\u00bb0px\u00a0\u00bb sticky_enabled=\u00a0\u00bb0&Prime;][\/et_pb_button][\/et_pb_column][et_pb_column type=\u00a0\u00bb1_5&Prime; _builder_version=\u00a0\u00bb4.23.1&Prime; _module_preset=\u00a0\u00bbdefault\u00a0\u00bb global_colors_info=\u00a0\u00bb{}\u00a0\u00bb][et_pb_button button_url=\u00a0\u00bbhttps:\/\/trend-setting.fr\/1a1fr1\/beaute\/\u00a0\u00bb button_text=\u00a0\u00bbBeaut\u00e9\u00a0\u00bb _builder_version=\u00a0\u00bb4.23.1&Prime; _module_preset=\u00a0\u00bbdefault\u00a0\u00bb hover_enabled=\u00a0\u00bb0&Prime; global_colors_info=\u00a0\u00bb{}\u00a0\u00bb custom_button=\u00a0\u00bbon\u00a0\u00bb button_text_color=\u00a0\u00bb#FFFFFF\u00a0\u00bb button_border_radius=\u00a0\u00bb15px\u00a0\u00bb button_letter_spacing=\u00a0\u00bb0px\u00a0\u00bb sticky_enabled=\u00a0\u00bb0&Prime;][\/et_pb_button][\/et_pb_column][et_pb_column type=\u00a0\u00bb1_5&Prime; _builder_version=\u00a0\u00bb4.23.1&Prime; _module_preset=\u00a0\u00bbdefault\u00a0\u00bb global_colors_info=\u00a0\u00bb{}\u00a0\u00bb][et_pb_button button_url=\u00a0\u00bbhttps:\/\/trend-setting.fr\/1a1fr1\/decoration\/\u00a0\u00bb button_text=\u00a0\u00bbD\u00e9coration\u00a0\u00bb _builder_version=\u00a0\u00bb4.23.1&Prime; _module_preset=\u00a0\u00bbdefault\u00a0\u00bb hover_enabled=\u00a0\u00bb0&Prime; global_colors_info=\u00a0\u00bb{}\u00a0\u00bb custom_button=\u00a0\u00bbon\u00a0\u00bb button_text_color=\u00a0\u00bb#FFFFFF\u00a0\u00bb button_letter_spacing=\u00a0\u00bb0px\u00a0\u00bb button_border_radius=\u00a0\u00bb15px\u00a0\u00bb sticky_enabled=\u00a0\u00bb0&Prime;][\/et_pb_button][\/et_pb_column][\/et_pb_row][et_pb_row _builder_version=\u00a0\u00bb4.23.1&Prime; _module_preset=\u00a0\u00bbdefault\u00a0\u00bb hover_enabled=\u00a0\u00bb0&Prime; global_colors_info=\u00a0\u00bb{}\u00a0\u00bb sticky_enabled=\u00a0\u00bb0&Prime;][et_pb_column type=\u00a0\u00bb4_4&Prime; _builder_version=\u00a0\u00bb4.23.1&Prime; _module_preset=\u00a0\u00bbdefault\u00a0\u00bb global_colors_info=\u00a0\u00bb{}\u00a0\u00bb][et_pb_blog fullwidth=\u00a0\u00bboff\u00a0\u00bb _builder_version=\u00a0\u00bb4.23.1&Prime; _module_preset=\u00a0\u00bbdefault\u00a0\u00bb global_colors_info=\u00a0\u00bb{}\u00a0\u00bb][\/et_pb_blog][\/et_pb_column][\/et_pb_row][\/et_pb_section]<\/p>\n","protected":false},"excerpt":{"rendered":"<p>Th\u00e9matiques et ArticlesTh\u00e8me : \u00ab \u00c9quilibre F\u00e9minin : \u00c9l\u00e9gance, Vitalit\u00e9 et S\u00e9r\u00e9nit\u00e9 \u00bb D\u00e9couvrez un voyage vers l&rsquo;\u00e9panouissement o\u00f9 la beaut\u00e9, le bien-\u00eatre et l&rsquo;harmonie de vie se fusionnent. Explorez la relation entre la confiance en soi et la beaut\u00e9, les tendances mode de 2024, le puppy yoga apaisant, la cr\u00e9ation d&rsquo;un mini potager \u00e0 [&hellip;]<\/p>\n","protected":false},"author":4,"featured_media":0,"parent":0,"menu_order":0,"comment_status":"closed","ping_status":"closed","template":"","meta":{"_et_pb_use_builder":"on","_et_pb_old_content":"","_et_gb_content_width":"","footnotes":""},"yoast_head":"<!-- This site is optimized with the Yoast SEO plugin v22.3 - https:\/\/yoast.com\/wordpress\/plugins\/seo\/ -->\n<title>Th\u00e9matiques et articles - Groupe 1 2A1<\/title>\n<meta name=\"robots\" content=\"index, follow, max-snippet:-1, max-image-preview:large, max-video-preview:-1\" \/>\n<link rel=\"canonical\" href=\"https:\/\/trend-setting.fr\/1a1fr1\/nos-thematiques-et-articles\/\" \/>\n<meta property=\"og:locale\" content=\"fr_FR\" \/>\n<meta property=\"og:type\" content=\"article\" \/>\n<meta property=\"og:title\" content=\"Th\u00e9matiques et articles - Groupe 1 2A1\" \/>\n<meta property=\"og:description\" content=\"Th\u00e9matiques et ArticlesTh\u00e8me : \u00ab \u00c9quilibre F\u00e9minin : \u00c9l\u00e9gance, Vitalit\u00e9 et S\u00e9r\u00e9nit\u00e9 \u00bb D\u00e9couvrez un voyage vers l&#039;\u00e9panouissement o\u00f9 la beaut\u00e9, le bien-\u00eatre et l&#039;harmonie de vie se fusionnent. Explorez la relation entre la confiance en soi et la beaut\u00e9, les tendances mode de 2024, le puppy yoga apaisant, la cr\u00e9ation d&#039;un mini potager \u00e0 [&hellip;]\" \/>\n<meta property=\"og:url\" content=\"https:\/\/trend-setting.fr\/1a1fr1\/nos-thematiques-et-articles\/\" \/>\n<meta property=\"og:site_name\" content=\"Groupe 1 2A1\" \/>\n<meta property=\"article:modified_time\" content=\"2024-04-12T08:21:47+00:00\" \/>\n<meta name=\"twitter:card\" content=\"summary_large_image\" \/>\n<meta name=\"twitter:label1\" content=\"Dur\u00e9e de lecture estim\u00e9e\" \/>\n\t<meta name=\"twitter:data1\" content=\"3 minutes\" \/>\n<script type=\"application\/ld+json\" class=\"yoast-schema-graph\">{\"@context\":\"https:\/\/schema.org\",\"@graph\":[{\"@type\":\"WebPage\",\"@id\":\"https:\/\/trend-setting.fr\/1a1fr1\/nos-thematiques-et-articles\/\",\"url\":\"https:\/\/trend-setting.fr\/1a1fr1\/nos-thematiques-et-articles\/\",\"name\":\"Th\u00e9matiques et articles - Groupe 1 2A1\",\"isPartOf\":{\"@id\":\"https:\/\/trend-setting.fr\/1a1fr1\/#website\"},\"datePublished\":\"2024-03-28T10:10:10+00:00\",\"dateModified\":\"2024-04-12T08:21:47+00:00\",\"breadcrumb\":{\"@id\":\"https:\/\/trend-setting.fr\/1a1fr1\/nos-thematiques-et-articles\/#breadcrumb\"},\"inLanguage\":\"fr-FR\",\"potentialAction\":[{\"@type\":\"ReadAction\",\"target\":[\"https:\/\/trend-setting.fr\/1a1fr1\/nos-thematiques-et-articles\/\"]}]},{\"@type\":\"BreadcrumbList\",\"@id\":\"https:\/\/trend-setting.fr\/1a1fr1\/nos-thematiques-et-articles\/#breadcrumb\",\"itemListElement\":[{\"@type\":\"ListItem\",\"position\":1,\"name\":\"Accueil\",\"item\":\"https:\/\/trend-setting.fr\/1a1fr1\/\"},{\"@type\":\"ListItem\",\"position\":2,\"name\":\"Th\u00e9matiques et articles\"}]},{\"@type\":\"WebSite\",\"@id\":\"https:\/\/trend-setting.fr\/1a1fr1\/#website\",\"url\":\"https:\/\/trend-setting.fr\/1a1fr1\/\",\"name\":\"Groupe 1 2A1\",\"description\":\"\",\"potentialAction\":[{\"@type\":\"SearchAction\",\"target\":{\"@type\":\"EntryPoint\",\"urlTemplate\":\"https:\/\/trend-setting.fr\/1a1fr1\/?s={search_term_string}\"},\"query-input\":\"required name=search_term_string\"}],\"inLanguage\":\"fr-FR\"}]}<\/script>\n<!-- \/ Yoast SEO plugin. -->","yoast_head_json":{"title":"Th\u00e9matiques et articles - Groupe 1 2A1","robots":{"index":"index","follow":"follow","max-snippet":"max-snippet:-1","max-image-preview":"max-image-preview:large","max-video-preview":"max-video-preview:-1"},"canonical":"https:\/\/trend-setting.fr\/1a1fr1\/nos-thematiques-et-articles\/","og_locale":"fr_FR","og_type":"article","og_title":"Th\u00e9matiques et articles - Groupe 1 2A1","og_description":"Th\u00e9matiques et ArticlesTh\u00e8me : \u00ab \u00c9quilibre F\u00e9minin : \u00c9l\u00e9gance, Vitalit\u00e9 et S\u00e9r\u00e9nit\u00e9 \u00bb D\u00e9couvrez un voyage vers l'\u00e9panouissement o\u00f9 la beaut\u00e9, le bien-\u00eatre et l'harmonie de vie se fusionnent. Explorez la relation entre la confiance en soi et la beaut\u00e9, les tendances mode de 2024, le puppy yoga apaisant, la cr\u00e9ation d'un mini potager \u00e0 [&hellip;]","og_url":"https:\/\/trend-setting.fr\/1a1fr1\/nos-thematiques-et-articles\/","og_site_name":"Groupe 1 2A1","article_modified_time":"2024-04-12T08:21:47+00:00","twitter_card":"summary_large_image","twitter_misc":{"Dur\u00e9e de lecture estim\u00e9e":"3 minutes"},"schema":{"@context":"https:\/\/schema.org","@graph":[{"@type":"WebPage","@id":"https:\/\/trend-setting.fr\/1a1fr1\/nos-thematiques-et-articles\/","url":"https:\/\/trend-setting.fr\/1a1fr1\/nos-thematiques-et-articles\/","name":"Th\u00e9matiques et articles - Groupe 1 2A1","isPartOf":{"@id":"https:\/\/trend-setting.fr\/1a1fr1\/#website"},"datePublished":"2024-03-28T10:10:10+00:00","dateModified":"2024-04-12T08:21:47+00:00","breadcrumb":{"@id":"https:\/\/trend-setting.fr\/1a1fr1\/nos-thematiques-et-articles\/#breadcrumb"},"inLanguage":"fr-FR","potentialAction":[{"@type":"ReadAction","target":["https:\/\/trend-setting.fr\/1a1fr1\/nos-thematiques-et-articles\/"]}]},{"@type":"BreadcrumbList","@id":"https:\/\/trend-setting.fr\/1a1fr1\/nos-thematiques-et-articles\/#breadcrumb","itemListElement":[{"@type":"ListItem","position":1,"name":"Accueil","item":"https:\/\/trend-setting.fr\/1a1fr1\/"},{"@type":"ListItem","position":2,"name":"Th\u00e9matiques et articles"}]},{"@type":"WebSite","@id":"https:\/\/trend-setting.fr\/1a1fr1\/#website","url":"https:\/\/trend-setting.fr\/1a1fr1\/","name":"Groupe 1 2A1","description":"","potentialAction":[{"@type":"SearchAction","target":{"@type":"EntryPoint","urlTemplate":"https:\/\/trend-setting.fr\/1a1fr1\/?s={search_term_string}"},"query-input":"required name=search_term_string"}],"inLanguage":"fr-FR"}]}},"_links":{"self":[{"href":"https:\/\/trend-setting.fr\/1a1fr1\/wp-json\/wp\/v2\/pages\/377"}],"collection":[{"href":"https:\/\/trend-setting.fr\/1a1fr1\/wp-json\/wp\/v2\/pages"}],"about":[{"href":"https:\/\/trend-setting.fr\/1a1fr1\/wp-json\/wp\/v2\/types\/page"}],"author":[{"embeddable":true,"href":"https:\/\/trend-setting.fr\/1a1fr1\/wp-json\/wp\/v2\/users\/4"}],"replies":[{"embeddable":true,"href":"https:\/\/trend-setting.fr\/1a1fr1\/wp-json\/wp\/v2\/comments?post=377"}],"version-history":[{"count":10,"href":"https:\/\/trend-setting.fr\/1a1fr1\/wp-json\/wp\/v2\/pages\/377\/revisions"}],"predecessor-version":[{"id":638,"href":"https:\/\/trend-setting.fr\/1a1fr1\/wp-json\/wp\/v2\/pages\/377\/revisions\/638"}],"wp:attachment":[{"href":"https:\/\/trend-setting.fr\/1a1fr1\/wp-json\/wp\/v2\/media?parent=377"}],"curies":[{"name":"wp","href":"https:\/\/api.w.org\/{rel}","templated":true}]}}