{"id":406,"date":"2024-03-28T19:08:29","date_gmt":"2024-03-28T18:08:29","guid":{"rendered":"https:\/\/trend-setting.fr\/1a1fr1\/?page_id=406"},"modified":"2024-04-10T15:22:58","modified_gmt":"2024-04-10T13:22:58","slug":"beaute-et-confiance-en-soi","status":"publish","type":"page","link":"https:\/\/trend-setting.fr\/1a1fr1\/beaute-et-confiance-en-soi\/","title":{"rendered":"Beaut\u00e9"},"content":{"rendered":"\n[et_pb_section fb_built=\u00a0\u00bb1&Prime; theme_builder_area=\u00a0\u00bbpost_content\u00a0\u00bb _builder_version=\u00a0\u00bb4.23.1&Prime; _module_preset=\u00a0\u00bbdefault\u00a0\u00bb][et_pb_row _builder_version=\u00a0\u00bb4.23.1&Prime; _module_preset=\u00a0\u00bbdefault\u00a0\u00bb theme_builder_area=\u00a0\u00bbpost_content\u00a0\u00bb][et_pb_column _builder_version=\u00a0\u00bb4.23.1&Prime; _module_preset=\u00a0\u00bbdefault\u00a0\u00bb type=\u00a0\u00bb4_4&Prime; theme_builder_area=\u00a0\u00bbpost_content\u00a0\u00bb][et_pb_text _builder_version=\u00a0\u00bb4.23.1&Prime; _module_preset=\u00a0\u00bbdefault\u00a0\u00bb theme_builder_area=\u00a0\u00bbpost_content\u00a0\u00bb hover_enabled=\u00a0\u00bb0&Prime; sticky_enabled=\u00a0\u00bb0&Prime;]<h1>Beaut\u00e9 tous nos articles<\/h1>[\/et_pb_text][\/et_pb_column][\/et_pb_row][et_pb_row _builder_version=\u00a0\u00bb4.23.1&Prime; _module_preset=\u00a0\u00bbdefault\u00a0\u00bb theme_builder_area=\u00a0\u00bbpost_content\u00a0\u00bb][et_pb_column _builder_version=\u00a0\u00bb4.23.1&Prime; _module_preset=\u00a0\u00bbdefault\u00a0\u00bb type=\u00a0\u00bb4_4&Prime; theme_builder_area=\u00a0\u00bbpost_content\u00a0\u00bb][et_pb_divider _builder_version=\u00a0\u00bb4.23.1&Prime; _module_preset=\u00a0\u00bbdefault\u00a0\u00bb theme_builder_area=\u00a0\u00bbpost_content\u00a0\u00bb hover_enabled=\u00a0\u00bb0&Prime; sticky_enabled=\u00a0\u00bb0&Prime;][\/et_pb_divider][\/et_pb_column][\/et_pb_row][et_pb_row _builder_version=\u00a0\u00bb4.23.1&Prime; _module_preset=\u00a0\u00bbdefault\u00a0\u00bb theme_builder_area=\u00a0\u00bbpost_content\u00a0\u00bb][et_pb_column _builder_version=\u00a0\u00bb4.23.1&Prime; _module_preset=\u00a0\u00bbdefault\u00a0\u00bb type=\u00a0\u00bb4_4&Prime; theme_builder_area=\u00a0\u00bbpost_content\u00a0\u00bb][et_pb_blog _builder_version=\u00a0\u00bb4.23.1&Prime; _module_preset=\u00a0\u00bbdefault\u00a0\u00bb theme_builder_area=\u00a0\u00bbpost_content\u00a0\u00bb include_categories=\u00a0\u00bb9&Prime; hover_enabled=\u00a0\u00bb0&Prime; sticky_enabled=\u00a0\u00bb0&Prime;][\/et_pb_blog][\/et_pb_column][\/et_pb_row][\/et_pb_section]\n","protected":false},"excerpt":{"rendered":"<p>Beaut\u00e9 tous nos articles<\/p>\n","protected":false},"author":7,"featured_media":0,"parent":0,"menu_order":0,"comment_status":"closed","ping_status":"closed","template":"","meta":{"_et_pb_use_builder":"on","_et_pb_old_content":"","_et_gb_content_width":"","footnotes":""},"yoast_head":"<!-- This site is optimized with the Yoast SEO plugin v22.3 - https:\/\/yoast.com\/wordpress\/plugins\/seo\/ -->\n<title>Beaut\u00e9 - Groupe 1 2A1<\/title>\n<meta name=\"description\" content=\"La beaut\u00e9 et la confiance en soi sont li\u00e9es au quotidien. En effet, l&#039;estime que nous avons de nous permet de nous sentir belle.\" \/>\n<meta name=\"robots\" content=\"index, follow, max-snippet:-1, max-image-preview:large, max-video-preview:-1\" \/>\n<link rel=\"canonical\" href=\"https:\/\/trend-setting.fr\/1a1fr1\/beaute-et-confiance-en-soi\/\" \/>\n<meta property=\"og:locale\" content=\"fr_FR\" \/>\n<meta property=\"og:type\" content=\"article\" \/>\n<meta property=\"og:title\" content=\"Beaut\u00e9 - Groupe 1 2A1\" \/>\n<meta property=\"og:description\" content=\"La beaut\u00e9 et la confiance en soi sont li\u00e9es au quotidien. En effet, l&#039;estime que nous avons de nous permet de nous sentir belle.\" \/>\n<meta property=\"og:url\" content=\"https:\/\/trend-setting.fr\/1a1fr1\/beaute-et-confiance-en-soi\/\" \/>\n<meta property=\"og:site_name\" content=\"Groupe 1 2A1\" \/>\n<meta property=\"article:modified_time\" content=\"2024-04-10T13:22:58+00:00\" \/>\n<meta name=\"twitter:card\" content=\"summary_large_image\" \/>\n<meta name=\"twitter:label1\" content=\"Dur\u00e9e de lecture estim\u00e9e\" \/>\n\t<meta name=\"twitter:data1\" content=\"1 minute\" \/>\n<script type=\"application\/ld+json\" class=\"yoast-schema-graph\">{\"@context\":\"https:\/\/schema.org\",\"@graph\":[{\"@type\":\"WebPage\",\"@id\":\"https:\/\/trend-setting.fr\/1a1fr1\/beaute-et-confiance-en-soi\/\",\"url\":\"https:\/\/trend-setting.fr\/1a1fr1\/beaute-et-confiance-en-soi\/\",\"name\":\"Beaut\u00e9 - Groupe 1 2A1\",\"isPartOf\":{\"@id\":\"https:\/\/trend-setting.fr\/1a1fr1\/#website\"},\"datePublished\":\"2024-03-28T18:08:29+00:00\",\"dateModified\":\"2024-04-10T13:22:58+00:00\",\"description\":\"La beaut\u00e9 et la confiance en soi sont li\u00e9es au quotidien. En effet, l'estime que nous avons de nous permet de nous sentir belle.\",\"breadcrumb\":{\"@id\":\"https:\/\/trend-setting.fr\/1a1fr1\/beaute-et-confiance-en-soi\/#breadcrumb\"},\"inLanguage\":\"fr-FR\",\"potentialAction\":[{\"@type\":\"ReadAction\",\"target\":[\"https:\/\/trend-setting.fr\/1a1fr1\/beaute-et-confiance-en-soi\/\"]}]},{\"@type\":\"BreadcrumbList\",\"@id\":\"https:\/\/trend-setting.fr\/1a1fr1\/beaute-et-confiance-en-soi\/#breadcrumb\",\"itemListElement\":[{\"@type\":\"ListItem\",\"position\":1,\"name\":\"Accueil\",\"item\":\"https:\/\/trend-setting.fr\/1a1fr1\/\"},{\"@type\":\"ListItem\",\"position\":2,\"name\":\"Beaut\u00e9\"}]},{\"@type\":\"WebSite\",\"@id\":\"https:\/\/trend-setting.fr\/1a1fr1\/#website\",\"url\":\"https:\/\/trend-setting.fr\/1a1fr1\/\",\"name\":\"Groupe 1 2A1\",\"description\":\"\",\"potentialAction\":[{\"@type\":\"SearchAction\",\"target\":{\"@type\":\"EntryPoint\",\"urlTemplate\":\"https:\/\/trend-setting.fr\/1a1fr1\/?s={search_term_string}\"},\"query-input\":\"required name=search_term_string\"}],\"inLanguage\":\"fr-FR\"}]}<\/script>\n<!-- \/ Yoast SEO plugin. -->","yoast_head_json":{"title":"Beaut\u00e9 - Groupe 1 2A1","description":"La beaut\u00e9 et la confiance en soi sont li\u00e9es au quotidien. En effet, l'estime que nous avons de nous permet de nous sentir belle.","robots":{"index":"index","follow":"follow","max-snippet":"max-snippet:-1","max-image-preview":"max-image-preview:large","max-video-preview":"max-video-preview:-1"},"canonical":"https:\/\/trend-setting.fr\/1a1fr1\/beaute-et-confiance-en-soi\/","og_locale":"fr_FR","og_type":"article","og_title":"Beaut\u00e9 - Groupe 1 2A1","og_description":"La beaut\u00e9 et la confiance en soi sont li\u00e9es au quotidien. En effet, l'estime que nous avons de nous permet de nous sentir belle.","og_url":"https:\/\/trend-setting.fr\/1a1fr1\/beaute-et-confiance-en-soi\/","og_site_name":"Groupe 1 2A1","article_modified_time":"2024-04-10T13:22:58+00:00","twitter_card":"summary_large_image","twitter_misc":{"Dur\u00e9e de lecture estim\u00e9e":"1 minute"},"schema":{"@context":"https:\/\/schema.org","@graph":[{"@type":"WebPage","@id":"https:\/\/trend-setting.fr\/1a1fr1\/beaute-et-confiance-en-soi\/","url":"https:\/\/trend-setting.fr\/1a1fr1\/beaute-et-confiance-en-soi\/","name":"Beaut\u00e9 - Groupe 1 2A1","isPartOf":{"@id":"https:\/\/trend-setting.fr\/1a1fr1\/#website"},"datePublished":"2024-03-28T18:08:29+00:00","dateModified":"2024-04-10T13:22:58+00:00","description":"La beaut\u00e9 et la confiance en soi sont li\u00e9es au quotidien. En effet, l'estime que nous avons de nous permet de nous sentir belle.","breadcrumb":{"@id":"https:\/\/trend-setting.fr\/1a1fr1\/beaute-et-confiance-en-soi\/#breadcrumb"},"inLanguage":"fr-FR","potentialAction":[{"@type":"ReadAction","target":["https:\/\/trend-setting.fr\/1a1fr1\/beaute-et-confiance-en-soi\/"]}]},{"@type":"BreadcrumbList","@id":"https:\/\/trend-setting.fr\/1a1fr1\/beaute-et-confiance-en-soi\/#breadcrumb","itemListElement":[{"@type":"ListItem","position":1,"name":"Accueil","item":"https:\/\/trend-setting.fr\/1a1fr1\/"},{"@type":"ListItem","position":2,"name":"Beaut\u00e9"}]},{"@type":"WebSite","@id":"https:\/\/trend-setting.fr\/1a1fr1\/#website","url":"https:\/\/trend-setting.fr\/1a1fr1\/","name":"Groupe 1 2A1","description":"","potentialAction":[{"@type":"SearchAction","target":{"@type":"EntryPoint","urlTemplate":"https:\/\/trend-setting.fr\/1a1fr1\/?s={search_term_string}"},"query-input":"required name=search_term_string"}],"inLanguage":"fr-FR"}]}},"_links":{"self":[{"href":"https:\/\/trend-setting.fr\/1a1fr1\/wp-json\/wp\/v2\/pages\/406"}],"collection":[{"href":"https:\/\/trend-setting.fr\/1a1fr1\/wp-json\/wp\/v2\/pages"}],"about":[{"href":"https:\/\/trend-setting.fr\/1a1fr1\/wp-json\/wp\/v2\/types\/page"}],"author":[{"embeddable":true,"href":"https:\/\/trend-setting.fr\/1a1fr1\/wp-json\/wp\/v2\/users\/7"}],"replies":[{"embeddable":true,"href":"https:\/\/trend-setting.fr\/1a1fr1\/wp-json\/wp\/v2\/comments?post=406"}],"version-history":[{"count":4,"href":"https:\/\/trend-setting.fr\/1a1fr1\/wp-json\/wp\/v2\/pages\/406\/revisions"}],"predecessor-version":[{"id":479,"href":"https:\/\/trend-setting.fr\/1a1fr1\/wp-json\/wp\/v2\/pages\/406\/revisions\/479"}],"wp:attachment":[{"href":"https:\/\/trend-setting.fr\/1a1fr1\/wp-json\/wp\/v2\/media?parent=406"}],"curies":[{"name":"wp","href":"https:\/\/api.w.org\/{rel}","templated":true}]}}