{"id":42,"date":"2023-12-19T15:57:39","date_gmt":"2023-12-19T14:57:39","guid":{"rendered":"https:\/\/trend-setting.fr\/1a1fr1\/?page_id=42"},"modified":"2024-04-18T12:13:00","modified_gmt":"2024-04-18T10:13:00","slug":"magazine-varie-et-stimulant","status":"publish","type":"page","link":"https:\/\/trend-setting.fr\/1a1fr1\/magazine-varie-et-stimulant\/","title":{"rendered":"A propos"},"content":{"rendered":"\n[et_pb_section fb_built=\u00a0\u00bb1&Prime; _builder_version=\u00a0\u00bb4.23.1&Prime; _module_preset=\u00a0\u00bbdefault\u00a0\u00bb global_colors_info=\u00a0\u00bb{}\u00a0\u00bb][et_pb_row column_structure=\u00a0\u00bb1_2,1_2&Prime; _builder_version=\u00a0\u00bb4.23.1&Prime; _module_preset=\u00a0\u00bbdefault\u00a0\u00bb custom_padding=\u00a0\u00bb26px|||||\u00a0\u00bb global_colors_info=\u00a0\u00bb{}\u00a0\u00bb][et_pb_column type=\u00a0\u00bb1_2&Prime; _builder_version=\u00a0\u00bb4.23.1&Prime; _module_preset=\u00a0\u00bbdefault\u00a0\u00bb global_colors_info=\u00a0\u00bb{}\u00a0\u00bb][et_pb_image src=\u00a0\u00bbhttps:\/\/trend-setting.fr\/1a1fr1\/wp-content\/uploads\/sites\/2\/2024\/04\/181658833-une-seule-ligne-continue-de-groupe-de-femme-d-affaires-a-la-mode-isole-sur-fond-blanc-removebg-preview.png\u00a0\u00bb title_text=\u00a0\u00bb181658833-une-seule-ligne-continue-de-groupe-de-femme-d-affaires-\u00e0-la-mode-isol\u00e9-sur-fond-blanc-removebg-preview\u00a0\u00bb _builder_version=\u00a0\u00bb4.23.1&Prime; _module_preset=\u00a0\u00bbdefault\u00a0\u00bb global_colors_info=\u00a0\u00bb{}\u00a0\u00bb][\/et_pb_image][\/et_pb_column][et_pb_column type=\u00a0\u00bb1_2&Prime; _builder_version=\u00a0\u00bb4.23.1&Prime; _module_preset=\u00a0\u00bbdefault\u00a0\u00bb global_colors_info=\u00a0\u00bb{}\u00a0\u00bb][et_pb_heading title=\u00a0\u00bb\u00c0 propos de Selfish: un magazine vari\u00e9 et stimulant: \u00a0\u00bb _builder_version=\u00a0\u00bb4.23.1&Prime; _module_preset=\u00a0\u00bbdefault\u00a0\u00bb global_colors_info=\u00a0\u00bb{}\u00a0\u00bb][\/et_pb_heading][et_pb_text _builder_version=\u00a0\u00bb4.23.1&Prime; _module_preset=\u00a0\u00bbdefault\u00a0\u00bb global_colors_info=\u00a0\u00bb{}\u00a0\u00bb]<p>Selfish est n\u00e9 d&rsquo;une vision audacieuse de cr\u00e9er un espace en ligne d\u00e9di\u00e9 aux femmes modernes, actives et autonomes, o\u00f9 elles pourraient trouver inspiration, divertissement et r\u00e9flexion dans leur qu\u00eate d&rsquo;enrichissement personnel. Fond\u00e9 en 2024, \u00ab\u00a0Selfish\u00a0\u00bb s&rsquo;est rapidement impos\u00e9 comme une r\u00e9f\u00e9rence incontournable d&rsquo;un magazine vari\u00e9 et stimulant dans l&rsquo;univers des magazines en ligne. Il offre \u00e0 ses lectrices un contenu \u00e9ditorial complet et enrichissant.\u00a0<\/p>[\/et_pb_text][\/et_pb_column][\/et_pb_row][et_pb_row column_structure=\u00a0\u00bb1_2,1_2&Prime; _builder_version=\u00a0\u00bb4.23.1&Prime; _module_preset=\u00a0\u00bbdefault\u00a0\u00bb global_colors_info=\u00a0\u00bb{}\u00a0\u00bb][et_pb_column type=\u00a0\u00bb1_2&Prime; _builder_version=\u00a0\u00bb4.23.1&Prime; _module_preset=\u00a0\u00bbdefault\u00a0\u00bb global_colors_info=\u00a0\u00bb{}\u00a0\u00bb][et_pb_testimonial author=\u00a0\u00bbLa team Selfish\u00a0\u00bb portrait_url=\u00a0\u00bbhttps:\/\/trend-setting.fr\/1a1fr1\/wp-content\/uploads\/sites\/2\/2023\/12\/Noir-St-Laurent.jpg\u00a0\u00bb quote_icon_color=\u00a0\u00bbRGBA(255,255,255,0)\u00a0\u00bb _builder_version=\u00a0\u00bb4.23.1&Prime; _module_preset=\u00a0\u00bbdefault\u00a0\u00bb custom_margin=\u00a0\u00bb||-163px|||\u00a0\u00bb global_colors_info=\u00a0\u00bb{}\u00a0\u00bb]<p><span data-canva-clipboard=\"ewAiAGEAIgA6ADUALAAiAGgAIgA6ACIAdwB3AHcALgBjAGEAbgB2AGEALgBjAG8AbQAiACwAIgBjACIAOgAiAEQAQQBGAHcATgBkAGkAVQBrAHYARQAiACwAIgBpACIAOgAiAGsAMQBqAE4AWQBGAHEAdABIAFEAUQBXAHoAeAByAFIAcABmAGsATwBSAEEAIgAsACIAYgAiADoAMQA3ADEAMgAyADIAMAAwADAAOQA5ADIANQAsACIAQQA\/ACIAOgAiAEIAIgAsACIAQQAiADoAWwB7ACIAQQAiADoAMQAwADgALAAiAEIAIgA6ADEAMAA4ACwAIgBEACIAOgAxADQAMgA4AC4AMwA2ADMANwA0ADEANwAxADcAOAAxADkANwAsACIAQwAiADoANwA2AC4AMgAsACIAQQA\/ACIAOgAiAEsAIgAsACIAYQAiADoAewAiAEEAIgA6AFsAewAiAEEAPwAiADoAIgBBACIALAAiAEEAIgA6ACIAUABvAGQAYwBhAHMAdABcAG4AIgB9AF0ALAAiAEIAIgA6AFsAewAiAEEAPwAiADoAIgBBACIALAAiAEEAIgA6AHsAIgBjAG8AbABvAHIAIgA6AHsAIgBCACIAOgAiACMAZgBmAGYAZgBmAGYAIgB9ACwAIgBmAG8AbgB0AC0AZgBhAG0AaQBsAHkAIgA6AHsAIgBCACIAOgAiAFkAQQBDAGcARQBjAG4ASgBwAGoAcwAsADAAIgB9ACwAIgBmAG8AbgB0AC0AcwBpAHoAZQAiADoAewAiAEIAIgA6ACIANgA0AC4AMAAiAH0ALAAiAHQAcgBhAGMAawBpAG4AZwAiADoAewAiAEIAIgA6ACIALQA1ADAALgAwACIAfQB9AH0ALAB7ACIAQQA\/ACIAOgAiAEIAIgAsACIAQQAiADoANwB9ACwAewAiAEEAPwAiADoAIgBBACIALAAiAEEAIgA6AHsAIgBsAGUAYQBkAGkAbgBnACIAOgB7ACIAQgAiADoAIgAxADQAMAAwAC4AMAAiAH0ALAAiAHQAZQB4AHQALQB0AHIAYQBuAHMAZgBvAHIAbQAiADoAewAiAEIAIgA6ACIAbgBvAG4AZQAiAH0ALAAiAHMAcABhAGMAaQBuAGcAIgA6AHsAIgBCACIAOgAiADAALgAwACIAfQAsACIAZgBvAG4AdAAtAHcAZQBpAGcAaAB0ACIAOgB7ACIAQgAiADoAIgBuAG8AcgBtAGEAbAAiAH0ALAAiAGYAbwBuAHQALQBzAHQAeQBsAGUAIgA6AHsAIgBCACIAOgAiAG4AbwByAG0AYQBsACIAfQB9AH0ALAB7ACIAQQA\/ACIAOgAiAEIAIgAsACIAQQAiADoAMQB9ACwAewAiAEEAPwAiADoAIgBBACIALAAiAEEAIgA6AHsAIgBjAG8AbABvAHIAIgA6AHsAIgBBACIAOgAiACMAZgBmAGYAZgBmAGYAIgB9ACwAIgBmAG8AbgB0AC0AZgBhAG0AaQBsAHkAIgA6AHsAIgBBACIAOgAiAFkAQQBDAGcARQBjAG4ASgBwAGoAcwAsADAAIgB9ACwAIgBmAG8AbgB0AC0AcwBpAHoAZQAiADoAewAiAEEAIgA6ACIANgA0AC4AMAAiAH0ALAAiAHQAcgBhAGMAawBpAG4AZwAiADoAewAiAEEAIgA6ACIALQA1ADAALgAwACIAfQAsACIAbABlAGEAZABpAG4AZwAiADoAewAiAEEAIgA6ACIAMQA0ADAAMAAuADAAIgB9ACwAIgB0AGUAeAB0AC0AdAByAGEAbgBzAGYAbwByAG0AIgA6AHsAIgBBACIAOgAiAG4AbwBuAGUAIgB9ACwAIgBzAHAAYQBjAGkAbgBnACIAOgB7ACIAQQAiADoAIgAwAC4AMAAiAH0ALAAiAGYAbwBuAHQALQB3AGUAaQBnAGgAdAAiADoAewAiAEEAIgA6ACIAbgBvAHIAbQBhAGwAIgB9ACwAIgBmAG8AbgB0AC0AcwB0AHkAbABlACIAOgB7ACIAQQAiADoAIgBuAG8AcgBtAGEAbAAiAH0AfQB9AF0AfQAsACIAYgAiADoAewAiAEEAIgA6AFsAOABdAH0ALAAiAGQAIgA6ACIAQQAiACwAIgBnACIAOgBmAGEAbABzAGUALAAiAGgAIgA6ACIAQQAiAH0AXQAsACIAQgAiADoAMQA5ADIAMAAsACIAQwAiADoAMQAwADgAMAB9AA==\"><\/span><\/p>\n<div>\n<p><span data-canva-clipboard=\"ewAiAGEAIgA6ADUALAAiAGgAIgA6ACIAdwB3AHcALgBjAGEAbgB2AGEALgBjAG8AbQAiACwAIgBjACIAOgAiAEQAQQBGAHcATgBkAGkAVQBrAHYARQAiACwAIgBpACIAOgAiAGsAMQBqAE4AWQBGAHEAdABIAFEAUQBXAHoAeAByAFIAcABmAGsATwBSAEEAIgAsACIAYgAiADoAMQA3ADEAMgAyADIAMAAwADAAOQA5ADIANQAsACIAQQA\/ACIAOgAiAEIAIgAsACIAQQAiADoAWwB7ACIAQQAiADoAMQAwADgALAAiAEIAIgA6ADEAMAA4ACwAIgBEACIAOgAxADQAMgA4AC4AMwA2ADMANwA0ADEANwAxADcAOAAxADkANwAsACIAQwAiADoANwA2AC4AMgAsACIAQQA\/ACIAOgAiAEsAIgAsACIAYQAiADoAewAiAEEAIgA6AFsAewAiAEEAPwAiADoAIgBBACIALAAiAEEAIgA6ACIAUABvAGQAYwBhAHMAdABcAG4AIgB9AF0ALAAiAEIAIgA6AFsAewAiAEEAPwAiADoAIgBBACIALAAiAEEAIgA6AHsAIgBjAG8AbABvAHIAIgA6AHsAIgBCACIAOgAiACMAZgBmAGYAZgBmAGYAIgB9ACwAIgBmAG8AbgB0AC0AZgBhAG0AaQBsAHkAIgA6AHsAIgBCACIAOgAiAFkAQQBDAGcARQBjAG4ASgBwAGoAcwAsADAAIgB9ACwAIgBmAG8AbgB0AC0AcwBpAHoAZQAiADoAewAiAEIAIgA6ACIANgA0AC4AMAAiAH0ALAAiAHQAcgBhAGMAawBpAG4AZwAiADoAewAiAEIAIgA6ACIALQA1ADAALgAwACIAfQB9AH0ALAB7ACIAQQA\/ACIAOgAiAEIAIgAsACIAQQAiADoANwB9ACwAewAiAEEAPwAiADoAIgBBACIALAAiAEEAIgA6AHsAIgBsAGUAYQBkAGkAbgBnACIAOgB7ACIAQgAiADoAIgAxADQAMAAwAC4AMAAiAH0ALAAiAHQAZQB4AHQALQB0AHIAYQBuAHMAZgBvAHIAbQAiADoAewAiAEIAIgA6ACIAbgBvAG4AZQAiAH0ALAAiAHMAcABhAGMAaQBuAGcAIgA6AHsAIgBCACIAOgAiADAALgAwACIAfQAsACIAZgBvAG4AdAAtAHcAZQBpAGcAaAB0ACIAOgB7ACIAQgAiADoAIgBuAG8AcgBtAGEAbAAiAH0ALAAiAGYAbwBuAHQALQBzAHQAeQBsAGUAIgA6AHsAIgBCACIAOgAiAG4AbwByAG0AYQBsACIAfQB9AH0ALAB7ACIAQQA\/ACIAOgAiAEIAIgAsACIAQQAiADoAMQB9ACwAewAiAEEAPwAiADoAIgBBACIALAAiAEEAIgA6AHsAIgBjAG8AbABvAHIAIgA6AHsAIgBBACIAOgAiACMAZgBmAGYAZgBmAGYAIgB9ACwAIgBmAG8AbgB0AC0AZgBhAG0AaQBsAHkAIgA6AHsAIgBBACIAOgAiAFkAQQBDAGcARQBjAG4ASgBwAGoAcwAsADAAIgB9ACwAIgBmAG8AbgB0AC0AcwBpAHoAZQAiADoAewAiAEEAIgA6ACIANgA0AC4AMAAiAH0ALAAiAHQAcgBhAGMAawBpAG4AZwAiADoAewAiAEEAIgA6ACIALQA1ADAALgAwACIAfQAsACIAbABlAGEAZABpAG4AZwAiADoAewAiAEEAIgA6ACIAMQA0ADAAMAAuADAAIgB9ACwAIgB0AGUAeAB0AC0AdAByAGEAbgBzAGYAbwByAG0AIgA6AHsAIgBBACIAOgAiAG4AbwBuAGUAIgB9ACwAIgBzAHAAYQBjAGkAbgBnACIAOgB7ACIAQQAiADoAIgAwAC4AMAAiAH0ALAAiAGYAbwBuAHQALQB3AGUAaQBnAGgAdAAiADoAewAiAEEAIgA6ACIAbgBvAHIAbQBhAGwAIgB9ACwAIgBmAG8AbgB0AC0AcwB0AHkAbABlACIAOgB7ACIAQQAiADoAIgBuAG8AcgBtAGEAbAAiAH0AfQB9AF0AfQAsACIAYgAiADoAewAiAEEAIgA6AFsAOABdAH0ALAAiAGQAIgA6ACIAQQAiACwAIgBnACIAOgBmAGEAbABzAGUALAAiAGgAIgA6ACIAQQAiAH0AXQAsACIAQgAiADoAMQA5ADIAMAAsACIAQwAiADoAMQAwADgAMAB9AA==\"><\/span><\/p>\n<p>\u00ab\u00a0Selfish est bien plus qu&rsquo;un simple magazine vari\u00e9 et stimulant en ligne &#8211; c&rsquo;est un v\u00e9ritable compagnon pour les femmes modernes \u00e0 la recherche d&rsquo;inspiration, de divertissement et de r\u00e9flexion.<span class=\"Apple-converted-space\">\u00a0 <\/span>Rejoignez-nous dans cette aventure passionnante o\u00f9 le style, la substance et la r\u00e9flexion se rencontrent dans un univers d\u00e9di\u00e9 au bien-\u00eatre et \u00e0 l&rsquo;\u00e9panouissement.\u00a0\u00bb<\/p>\n<p>&nbsp;<\/p>\n<\/div>[\/et_pb_testimonial][\/et_pb_column][et_pb_column type=\u00a0\u00bb1_2&Prime; _builder_version=\u00a0\u00bb4.23.1&Prime; _module_preset=\u00a0\u00bbdefault\u00a0\u00bb global_colors_info=\u00a0\u00bb{}\u00a0\u00bb][et_pb_heading title=\u00a0\u00bbHistorique et Fondation:\u00a0\u00bb _builder_version=\u00a0\u00bb4.23.1&Prime; _module_preset=\u00a0\u00bbdefault\u00a0\u00bb title_level=\u00a0\u00bbh2&Prime; global_colors_info=\u00a0\u00bb{}\u00a0\u00bb][\/et_pb_heading][et_pb_text _builder_version=\u00a0\u00bb4.23.1&Prime; _module_preset=\u00a0\u00bbdefault\u00a0\u00bb custom_padding=\u00a0\u00bb0px|||||\u00a0\u00bb global_colors_info=\u00a0\u00bb{}\u00a0\u00bb]<p>Selfish a \u00e9t\u00e9 fond\u00e9 en janvier 2024 par un groupe d\u2019\u00e9tudiants Esmodiennes, qui a identifi\u00e9 un besoin croissant chez les femmes modernes de trouver un espace qui leur \u00e9tait sp\u00e9cifiquement d\u00e9di\u00e9, o\u00f9 elles pourraient trouver un \u00e9quilibre entre style, substance et r\u00e9flexion. Depuis sa cr\u00e9ation, \u00ab\u00a0Selfish\u00a0\u00bb s&rsquo;efforce de rester fid\u00e8le \u00e0 sa mission d&rsquo;offrir un contenu \u00e9ditorial de qualit\u00e9, pertinent et inspirant pour ses lectrices. Notre magasine est en conscience \u00e9volution afin qu&rsquo;il demeure vari\u00e9 et stimulant.<\/p>[\/et_pb_text][\/et_pb_column][\/et_pb_row][et_pb_row column_structure=\u00a0\u00bb1_2,1_2&Prime; _builder_version=\u00a0\u00bb4.23.1&Prime; _module_preset=\u00a0\u00bbdefault\u00a0\u00bb global_colors_info=\u00a0\u00bb{}\u00a0\u00bb][et_pb_column type=\u00a0\u00bb1_2&Prime; _builder_version=\u00a0\u00bb4.23.1&Prime; _module_preset=\u00a0\u00bbdefault\u00a0\u00bb global_colors_info=\u00a0\u00bb{}\u00a0\u00bb][et_pb_image src=\u00a0\u00bbhttps:\/\/trend-setting.fr\/1a1fr1\/wp-content\/uploads\/sites\/2\/2024\/04\/Capture-decran-2024-04-03-a-15.53.49.png\u00a0\u00bb title_text=\u00a0\u00bbCapture d\u2019\u00e9cran 2024-04-03 \u00e0 15.53.49&Prime; _builder_version=\u00a0\u00bb4.23.1&Prime; _module_preset=\u00a0\u00bbdefault\u00a0\u00bb global_colors_info=\u00a0\u00bb{}\u00a0\u00bb][\/et_pb_image][\/et_pb_column][et_pb_column type=\u00a0\u00bb1_2&Prime; _builder_version=\u00a0\u00bb4.23.1&Prime; _module_preset=\u00a0\u00bbdefault\u00a0\u00bb global_colors_info=\u00a0\u00bb{}\u00a0\u00bb][et_pb_heading title=\u00a0\u00bbMission et Valeurs:\u00a0\u00bb _builder_version=\u00a0\u00bb4.23.1&Prime; _module_preset=\u00a0\u00bbdefault\u00a0\u00bb title_level=\u00a0\u00bbh2&Prime; global_colors_info=\u00a0\u00bb{}\u00a0\u00bb][\/et_pb_heading][et_pb_text _builder_version=\u00a0\u00bb4.23.1&Prime; _module_preset=\u00a0\u00bbdefault\u00a0\u00bb global_colors_info=\u00a0\u00bb{}\u00a0\u00bb]<p>Notre mission chez Selfish est de fournir un contenu \u00e9ditorial de qualit\u00e9 qui va au-del\u00e0 des simples tendances. L&rsquo;\u00e9quipe Selfish souhaite offrir \u00e0 nos lectrices une exp\u00e9rience enrichissante et \u00e9clairante. Nous sommes guid\u00e9s par des valeurs telles que l&rsquo;authenticit\u00e9, la cr\u00e9ativit\u00e9, l&#8217;empowerment des femmes et le respect de l&rsquo;individualit\u00e9. Nous croyons fermement en l&rsquo;importance de soutenir nos lectrices dans leur parcours d&rsquo;auto-d\u00e9couverte et d&rsquo;\u00e9panouissement personnel.<\/p>[\/et_pb_text][\/et_pb_column][\/et_pb_row][et_pb_row column_structure=\u00a0\u00bb1_2,1_2&Prime; _builder_version=\u00a0\u00bb4.23.1&Prime; _module_preset=\u00a0\u00bbdefault\u00a0\u00bb global_colors_info=\u00a0\u00bb{}\u00a0\u00bb][et_pb_column type=\u00a0\u00bb1_2&Prime; _builder_version=\u00a0\u00bb4.23.1&Prime; _module_preset=\u00a0\u00bbdefault\u00a0\u00bb global_colors_info=\u00a0\u00bb{}\u00a0\u00bb][et_pb_heading title=\u00a0\u00bbNos engagements\u00a0\u00bb _builder_version=\u00a0\u00bb4.23.1&Prime; _module_preset=\u00a0\u00bbdefault\u00a0\u00bb title_level=\u00a0\u00bbh2&Prime; global_colors_info=\u00a0\u00bb{}\u00a0\u00bb][\/et_pb_heading][et_pb_text _builder_version=\u00a0\u00bb4.23.1&Prime; _module_preset=\u00a0\u00bbdefault\u00a0\u00bb global_colors_info=\u00a0\u00bb{}\u00a0\u00bb]<p>Chez Selfish, nous croyons en l&rsquo;importance de donner en retour \u00e0 la communaut\u00e9 et \u00e0 l&rsquo;environnement. Nous nous engageons \u00e0 soutenir des initiatives et des organisations qui promeuvent l&rsquo;autonomisation des femmes, la durabilit\u00e9 environnementale et le bien-\u00eatre communautaire. Nous cherchons \u00e9galement \u00e0 sensibiliser nos lectrices \u00e0 des probl\u00e9matiques sociales et environnementales importantes, encourageant ainsi un changement positif dans le monde. En conclusion, Selfish est un magazine vari\u00e9 et stimulant qui \u00e9volue avec les femmes au fil du temps.<\/p>[\/et_pb_text][\/et_pb_column][et_pb_column type=\u00a0\u00bb1_2&Prime; _builder_version=\u00a0\u00bb4.23.1&Prime; _module_preset=\u00a0\u00bbdefault\u00a0\u00bb global_colors_info=\u00a0\u00bb{}\u00a0\u00bb][et_pb_image src=\u00a0\u00bbhttps:\/\/trend-setting.fr\/1a1fr1\/wp-content\/uploads\/sites\/2\/2024\/04\/Capture-decran-2024-04-03-a-15.54.04.png\u00a0\u00bb title_text=\u00a0\u00bbCapture d\u2019\u00e9cran 2024-04-03 \u00e0 15.54.04&Prime; _builder_version=\u00a0\u00bb4.23.1&Prime; _module_preset=\u00a0\u00bbdefault\u00a0\u00bb global_colors_info=\u00a0\u00bb{}\u00a0\u00bb][\/et_pb_image][\/et_pb_column][\/et_pb_row][et_pb_row _builder_version=\u00a0\u00bb4.23.1&Prime; _module_preset=\u00a0\u00bbdefault\u00a0\u00bb global_colors_info=\u00a0\u00bb{}\u00a0\u00bb][et_pb_column type=\u00a0\u00bb4_4&Prime; _builder_version=\u00a0\u00bb4.23.1&Prime; _module_preset=\u00a0\u00bbdefault\u00a0\u00bb global_colors_info=\u00a0\u00bb{}\u00a0\u00bb][et_pb_button button_url=\u00a0\u00bbhttps:\/\/trend-setting.fr\/1a1fr1\/nos-thematiques-et-articles\/\u00a0\u00bb button_text=\u00a0\u00bbD\u00e9couvrez nos th\u00e9matiques et articles &#8230;\u00a0\u00bb _builder_version=\u00a0\u00bb4.23.1&Prime; _module_preset=\u00a0\u00bbdefault\u00a0\u00bb hover_enabled=\u00a0\u00bb0&Prime; global_colors_info=\u00a0\u00bb{}\u00a0\u00bb sticky_enabled=\u00a0\u00bb0&Prime;][\/et_pb_button][\/et_pb_column][\/et_pb_row][\/et_pb_section]\n","protected":false},"excerpt":{"rendered":"<p>Selfish est n\u00e9 d&rsquo;une vision audacieuse de cr\u00e9er un espace en ligne d\u00e9di\u00e9 aux femmes modernes, actives et autonomes, o\u00f9 elles pourraient trouver inspiration, divertissement et r\u00e9flexion dans leur qu\u00eate d&rsquo;enrichissement personnel. Fond\u00e9 en 2024, \u00ab\u00a0Selfish\u00a0\u00bb s&rsquo;est rapidement impos\u00e9 comme une r\u00e9f\u00e9rence incontournable d&rsquo;un magazine vari\u00e9 et stimulant dans l&rsquo;univers des magazines en ligne. Il [&hellip;]<\/p>\n","protected":false},"author":7,"featured_media":0,"parent":0,"menu_order":0,"comment_status":"closed","ping_status":"closed","template":"","meta":{"_et_pb_use_builder":"on","_et_pb_old_content":"","_et_gb_content_width":"","footnotes":""},"yoast_head":"<!-- This site is optimized with the Yoast SEO plugin v22.3 - https:\/\/yoast.com\/wordpress\/plugins\/seo\/ -->\n<title>Selfish: un magazine vari\u00e9 et stimulant<\/title>\n<meta name=\"description\" content=\"D\u00e9couvrez Selfish un magazine vari\u00e9 et stimulant pour toutes les femmes. Un moment de d\u00e9tente ultime qui permet de vous ressourcer.\" \/>\n<meta name=\"robots\" content=\"index, follow, max-snippet:-1, max-image-preview:large, max-video-preview:-1\" \/>\n<link rel=\"canonical\" href=\"https:\/\/trend-setting.fr\/1a1fr1\/magazine-varie-et-stimulant\/\" \/>\n<meta property=\"og:locale\" content=\"fr_FR\" \/>\n<meta property=\"og:type\" content=\"article\" \/>\n<meta property=\"og:title\" content=\"Selfish: un magazine vari\u00e9 et stimulant\" \/>\n<meta property=\"og:description\" content=\"D\u00e9couvrez Selfish un magazine vari\u00e9 et stimulant pour toutes les femmes. Un moment de d\u00e9tente ultime qui permet de vous ressourcer.\" \/>\n<meta property=\"og:url\" content=\"https:\/\/trend-setting.fr\/1a1fr1\/magazine-varie-et-stimulant\/\" \/>\n<meta property=\"og:site_name\" content=\"Groupe 1 2A1\" \/>\n<meta property=\"article:modified_time\" content=\"2024-04-18T10:13:00+00:00\" \/>\n<meta name=\"twitter:card\" content=\"summary_large_image\" \/>\n<meta name=\"twitter:label1\" content=\"Dur\u00e9e de lecture estim\u00e9e\" \/>\n\t<meta name=\"twitter:data1\" content=\"3 minutes\" \/>\n<script type=\"application\/ld+json\" class=\"yoast-schema-graph\">{\"@context\":\"https:\/\/schema.org\",\"@graph\":[{\"@type\":\"WebPage\",\"@id\":\"https:\/\/trend-setting.fr\/1a1fr1\/magazine-varie-et-stimulant\/\",\"url\":\"https:\/\/trend-setting.fr\/1a1fr1\/magazine-varie-et-stimulant\/\",\"name\":\"Selfish: un magazine vari\u00e9 et stimulant\",\"isPartOf\":{\"@id\":\"https:\/\/trend-setting.fr\/1a1fr1\/#website\"},\"datePublished\":\"2023-12-19T14:57:39+00:00\",\"dateModified\":\"2024-04-18T10:13:00+00:00\",\"description\":\"D\u00e9couvrez Selfish un magazine vari\u00e9 et stimulant pour toutes les femmes. Un moment de d\u00e9tente ultime qui permet de vous ressourcer.\",\"breadcrumb\":{\"@id\":\"https:\/\/trend-setting.fr\/1a1fr1\/magazine-varie-et-stimulant\/#breadcrumb\"},\"inLanguage\":\"fr-FR\",\"potentialAction\":[{\"@type\":\"ReadAction\",\"target\":[\"https:\/\/trend-setting.fr\/1a1fr1\/magazine-varie-et-stimulant\/\"]}]},{\"@type\":\"BreadcrumbList\",\"@id\":\"https:\/\/trend-setting.fr\/1a1fr1\/magazine-varie-et-stimulant\/#breadcrumb\",\"itemListElement\":[{\"@type\":\"ListItem\",\"position\":1,\"name\":\"Accueil\",\"item\":\"https:\/\/trend-setting.fr\/1a1fr1\/\"},{\"@type\":\"ListItem\",\"position\":2,\"name\":\"A propos\"}]},{\"@type\":\"WebSite\",\"@id\":\"https:\/\/trend-setting.fr\/1a1fr1\/#website\",\"url\":\"https:\/\/trend-setting.fr\/1a1fr1\/\",\"name\":\"Groupe 1 2A1\",\"description\":\"\",\"potentialAction\":[{\"@type\":\"SearchAction\",\"target\":{\"@type\":\"EntryPoint\",\"urlTemplate\":\"https:\/\/trend-setting.fr\/1a1fr1\/?s={search_term_string}\"},\"query-input\":\"required name=search_term_string\"}],\"inLanguage\":\"fr-FR\"}]}<\/script>\n<!-- \/ Yoast SEO plugin. -->","yoast_head_json":{"title":"Selfish: un magazine vari\u00e9 et stimulant","description":"D\u00e9couvrez Selfish un magazine vari\u00e9 et stimulant pour toutes les femmes. Un moment de d\u00e9tente ultime qui permet de vous ressourcer.","robots":{"index":"index","follow":"follow","max-snippet":"max-snippet:-1","max-image-preview":"max-image-preview:large","max-video-preview":"max-video-preview:-1"},"canonical":"https:\/\/trend-setting.fr\/1a1fr1\/magazine-varie-et-stimulant\/","og_locale":"fr_FR","og_type":"article","og_title":"Selfish: un magazine vari\u00e9 et stimulant","og_description":"D\u00e9couvrez Selfish un magazine vari\u00e9 et stimulant pour toutes les femmes. Un moment de d\u00e9tente ultime qui permet de vous ressourcer.","og_url":"https:\/\/trend-setting.fr\/1a1fr1\/magazine-varie-et-stimulant\/","og_site_name":"Groupe 1 2A1","article_modified_time":"2024-04-18T10:13:00+00:00","twitter_card":"summary_large_image","twitter_misc":{"Dur\u00e9e de lecture estim\u00e9e":"3 minutes"},"schema":{"@context":"https:\/\/schema.org","@graph":[{"@type":"WebPage","@id":"https:\/\/trend-setting.fr\/1a1fr1\/magazine-varie-et-stimulant\/","url":"https:\/\/trend-setting.fr\/1a1fr1\/magazine-varie-et-stimulant\/","name":"Selfish: un magazine vari\u00e9 et stimulant","isPartOf":{"@id":"https:\/\/trend-setting.fr\/1a1fr1\/#website"},"datePublished":"2023-12-19T14:57:39+00:00","dateModified":"2024-04-18T10:13:00+00:00","description":"D\u00e9couvrez Selfish un magazine vari\u00e9 et stimulant pour toutes les femmes. Un moment de d\u00e9tente ultime qui permet de vous ressourcer.","breadcrumb":{"@id":"https:\/\/trend-setting.fr\/1a1fr1\/magazine-varie-et-stimulant\/#breadcrumb"},"inLanguage":"fr-FR","potentialAction":[{"@type":"ReadAction","target":["https:\/\/trend-setting.fr\/1a1fr1\/magazine-varie-et-stimulant\/"]}]},{"@type":"BreadcrumbList","@id":"https:\/\/trend-setting.fr\/1a1fr1\/magazine-varie-et-stimulant\/#breadcrumb","itemListElement":[{"@type":"ListItem","position":1,"name":"Accueil","item":"https:\/\/trend-setting.fr\/1a1fr1\/"},{"@type":"ListItem","position":2,"name":"A propos"}]},{"@type":"WebSite","@id":"https:\/\/trend-setting.fr\/1a1fr1\/#website","url":"https:\/\/trend-setting.fr\/1a1fr1\/","name":"Groupe 1 2A1","description":"","potentialAction":[{"@type":"SearchAction","target":{"@type":"EntryPoint","urlTemplate":"https:\/\/trend-setting.fr\/1a1fr1\/?s={search_term_string}"},"query-input":"required name=search_term_string"}],"inLanguage":"fr-FR"}]}},"_links":{"self":[{"href":"https:\/\/trend-setting.fr\/1a1fr1\/wp-json\/wp\/v2\/pages\/42"}],"collection":[{"href":"https:\/\/trend-setting.fr\/1a1fr1\/wp-json\/wp\/v2\/pages"}],"about":[{"href":"https:\/\/trend-setting.fr\/1a1fr1\/wp-json\/wp\/v2\/types\/page"}],"author":[{"embeddable":true,"href":"https:\/\/trend-setting.fr\/1a1fr1\/wp-json\/wp\/v2\/users\/7"}],"replies":[{"embeddable":true,"href":"https:\/\/trend-setting.fr\/1a1fr1\/wp-json\/wp\/v2\/comments?post=42"}],"version-history":[{"count":24,"href":"https:\/\/trend-setting.fr\/1a1fr1\/wp-json\/wp\/v2\/pages\/42\/revisions"}],"predecessor-version":[{"id":725,"href":"https:\/\/trend-setting.fr\/1a1fr1\/wp-json\/wp\/v2\/pages\/42\/revisions\/725"}],"wp:attachment":[{"href":"https:\/\/trend-setting.fr\/1a1fr1\/wp-json\/wp\/v2\/media?parent=42"}],"curies":[{"name":"wp","href":"https:\/\/api.w.org\/{rel}","templated":true}]}}