{"id":135,"date":"2024-01-09T14:35:29","date_gmt":"2024-01-09T13:35:29","guid":{"rendered":"https:\/\/trend-setting.fr\/2a1fr3\/?page_id=135"},"modified":"2024-04-18T11:15:27","modified_gmt":"2024-04-18T09:15:27","slug":"inquisiteur-magazine-histoire-missions-valeurs","status":"publish","type":"page","link":"https:\/\/trend-setting.fr\/2a1fr3\/inquisiteur-magazine-histoire-missions-valeurs\/","title":{"rendered":"\u00c0 propos"},"content":{"rendered":"<p>[et_pb_section fb_built=\u00a0\u00bb1&Prime; fullwidth=\u00a0\u00bbon\u00a0\u00bb _builder_version=\u00a0\u00bb4.23.1&Prime; _module_preset=\u00a0\u00bbdefault\u00a0\u00bb global_colors_info=\u00a0\u00bb{}\u00a0\u00bb][et_pb_fullwidth_image src=\u00a0\u00bbhttps:\/\/trend-setting.fr\/2a1fr3\/wp-content\/uploads\/sites\/4\/2024\/04\/Capture-decran-2024-04-04-a-10.27.09.png\u00a0\u00bb title_text=\u00a0\u00bbCapture d\u2019e\u0301cran 2024-04-04 a\u0300 10.27.09&Prime; url=\u00a0\u00bbhttps:\/\/www.instagram.com\/inquisiteur.magazine?utm_source=ig_web_button_share_sheet&amp;igsh=ZDNlZDc0MzIxNw==\u00a0\u00bb _builder_version=\u00a0\u00bb4.23.1&Prime; _module_preset=\u00a0\u00bbdefault\u00a0\u00bb global_colors_info=\u00a0\u00bb{}\u00a0\u00bb][\/et_pb_fullwidth_image][\/et_pb_section][et_pb_section fb_built=\u00a0\u00bb1&Prime; _builder_version=\u00a0\u00bb4.23.1&Prime; _module_preset=\u00a0\u00bbdefault\u00a0\u00bb custom_margin=\u00a0\u00bb||-36px|||\u00a0\u00bb global_colors_info=\u00a0\u00bb{}\u00a0\u00bb][et_pb_row column_structure=\u00a0\u00bb1_4,1_4,1_4,1_4&Prime; _builder_version=\u00a0\u00bb4.23.1&Prime; _module_preset=\u00a0\u00bbdefault\u00a0\u00bb global_colors_info=\u00a0\u00bb{}\u00a0\u00bb][et_pb_column type=\u00a0\u00bb1_4&Prime; _builder_version=\u00a0\u00bb4.23.1&Prime; _module_preset=\u00a0\u00bbdefault\u00a0\u00bb global_colors_info=\u00a0\u00bb{}\u00a0\u00bb][et_pb_button button_text=\u00a0\u00bbTout voir\u00a0\u00bb button_alignment=\u00a0\u00bbcenter\u00a0\u00bb _builder_version=\u00a0\u00bb4.23.1&Prime; _module_preset=\u00a0\u00bbdefault\u00a0\u00bb custom_button=\u00a0\u00bbon\u00a0\u00bb button_text_color=\u00a0\u00bbgcid-2ddc5b50-5f64-4f2c-8e24-7fcd6e21a21a\u00a0\u00bb button_bg_color=\u00a0\u00bbRGBA(255,255,255,0)\u00a0\u00bb global_colors_info=\u00a0\u00bb{%22gcid-2ddc5b50-5f64-4f2c-8e24-7fcd6e21a21a%22:%91%22button_text_color%22%93}\u00a0\u00bb][\/et_pb_button][\/et_pb_column][et_pb_column type=\u00a0\u00bb1_4&Prime; _builder_version=\u00a0\u00bb4.23.1&Prime; _module_preset=\u00a0\u00bbdefault\u00a0\u00bb global_colors_info=\u00a0\u00bb{}\u00a0\u00bb][et_pb_button button_text=\u00a0\u00bbL&rsquo;histoire\u00a0\u00bb button_alignment=\u00a0\u00bbcenter\u00a0\u00bb _builder_version=\u00a0\u00bb4.23.1&Prime; _module_preset=\u00a0\u00bbdefault\u00a0\u00bb custom_button=\u00a0\u00bbon\u00a0\u00bb button_text_color=\u00a0\u00bbgcid-2ddc5b50-5f64-4f2c-8e24-7fcd6e21a21a\u00a0\u00bb global_colors_info=\u00a0\u00bb{%22gcid-2ddc5b50-5f64-4f2c-8e24-7fcd6e21a21a%22:%91%22button_text_color%22%93}\u00a0\u00bb][\/et_pb_button][\/et_pb_column][et_pb_column type=\u00a0\u00bb1_4&Prime; _builder_version=\u00a0\u00bb4.23.1&Prime; _module_preset=\u00a0\u00bbdefault\u00a0\u00bb global_colors_info=\u00a0\u00bb{}\u00a0\u00bb][et_pb_button button_text=\u00a0\u00bbNos valeurs\u00a0\u00bb button_alignment=\u00a0\u00bbcenter\u00a0\u00bb _builder_version=\u00a0\u00bb4.23.1&Prime; _module_preset=\u00a0\u00bbdefault\u00a0\u00bb custom_button=\u00a0\u00bbon\u00a0\u00bb button_text_color=\u00a0\u00bbgcid-2ddc5b50-5f64-4f2c-8e24-7fcd6e21a21a\u00a0\u00bb global_colors_info=\u00a0\u00bb{%22gcid-2ddc5b50-5f64-4f2c-8e24-7fcd6e21a21a%22:%91%22button_text_color%22%93}\u00a0\u00bb][\/et_pb_button][\/et_pb_column][et_pb_column type=\u00a0\u00bb1_4&Prime; _builder_version=\u00a0\u00bb4.23.1&Prime; _module_preset=\u00a0\u00bbdefault\u00a0\u00bb global_colors_info=\u00a0\u00bb{}\u00a0\u00bb][et_pb_button button_text=\u00a0\u00bbNos missions\u00a0\u00bb button_alignment=\u00a0\u00bbcenter\u00a0\u00bb _builder_version=\u00a0\u00bb4.23.1&Prime; _module_preset=\u00a0\u00bbdefault\u00a0\u00bb custom_button=\u00a0\u00bbon\u00a0\u00bb button_text_color=\u00a0\u00bbgcid-2ddc5b50-5f64-4f2c-8e24-7fcd6e21a21a\u00a0\u00bb global_colors_info=\u00a0\u00bb{%22gcid-2ddc5b50-5f64-4f2c-8e24-7fcd6e21a21a%22:%91%22button_text_color%22%93}\u00a0\u00bb][\/et_pb_button][\/et_pb_column][\/et_pb_row][et_pb_row _builder_version=\u00a0\u00bb4.23.1&Prime; _module_preset=\u00a0\u00bbdefault\u00a0\u00bb global_colors_info=\u00a0\u00bb{}\u00a0\u00bb][et_pb_column type=\u00a0\u00bb4_4&Prime; _builder_version=\u00a0\u00bb4.23.1&Prime; _module_preset=\u00a0\u00bbdefault\u00a0\u00bb global_colors_info=\u00a0\u00bb{}\u00a0\u00bb][et_pb_text _builder_version=\u00a0\u00bb4.23.1&Prime; _module_preset=\u00a0\u00bbdefault\u00a0\u00bb global_colors_info=\u00a0\u00bb{}\u00a0\u00bb custom_padding=\u00a0\u00bb||0px|||\u00a0\u00bb inline_fonts=\u00a0\u00bbABeeZee\u00a0\u00bb]<\/p>\n<p><span style=\"font-family: ABeeZee\">Inquisiteur magazine : entre Histoire missions et Valeurs.<\/span><\/p>\n<p><span style=\"font-family: ABeeZee\">D\u00e9couvrez qui nous <span style=\"font-weight: normal\">sommes<\/span>, l&rsquo;histoire de notre cr\u00e9ation, nos valeurs dans notre processus cr\u00e9atif ainsi que nos au quotidient nous guidant dans la cr\u00e9ation du magazine.<\/span><\/p>\n<p>[\/et_pb_text][\/et_pb_column][\/et_pb_row][\/et_pb_section][et_pb_section fb_built=\u00a0\u00bb1&Prime; _builder_version=\u00a0\u00bb4.23.1&Prime; _module_preset=\u00a0\u00bbdefault\u00a0\u00bb global_colors_info=\u00a0\u00bb{}\u00a0\u00bb][et_pb_row column_structure=\u00a0\u00bb1_2,1_2&Prime; _builder_version=\u00a0\u00bb4.23.1&Prime; _module_preset=\u00a0\u00bbdefault\u00a0\u00bb custom_margin=\u00a0\u00bb-75px|auto||auto||\u00a0\u00bb custom_padding=\u00a0\u00bb||2px|||\u00a0\u00bb global_colors_info=\u00a0\u00bb{}\u00a0\u00bb][et_pb_column type=\u00a0\u00bb1_2&Prime; _builder_version=\u00a0\u00bb4.23.1&Prime; _module_preset=\u00a0\u00bbdefault\u00a0\u00bb global_colors_info=\u00a0\u00bb{}\u00a0\u00bb][et_pb_text _builder_version=\u00a0\u00bb4.23.1&Prime; _module_preset=\u00a0\u00bbdefault\u00a0\u00bb global_colors_info=\u00a0\u00bb{}\u00a0\u00bb inline_fonts=\u00a0\u00bbABeeZee\u00a0\u00bb]<\/p>\n<p><span style=\"text-decoration: underline\">L&rsquo;histoire.<\/span><\/p>\n<p>Tout d\u00e9bute en septembre 2023. Nous sommes cinq \u00e9tudiante en fashion business a Esmod. Un jour nous parlions ensemble et nous nous sommes rendu compte que nous ne trouvions aucun magazine qui nous parlait r\u00e9ellement a nous. Nous avons constater qu&rsquo;en g\u00e9n\u00e9ral les m\u00e9dia s&rsquo;adressent a une audience plus \u00e2g\u00e9s que nous avec des revenue sup\u00e9rieur. Dans le cas ou nous sommes la cible, le ton est souvent tr\u00e8s enfantin.\u00a0 Il est alors difficiles de se sentir a notre place dans une soci\u00e9t\u00e9 qui ne nous prend pas au s\u00e9rieux, nous et nos probl\u00e9matique ainsi que les sujet qui nous int\u00e9resse.\u00a0<\/p>\n<p>Nous avons alors d\u00e9cidez de nous lancer et de cr\u00e9e \u00ab\u00a0L&rsquo;Inquisiteur\u00a0\u00bb, un journal a notre image ouvert a tous. Nous voulons parler de tout les sujets qui nous int\u00e9resse avec nos propres mots. En prenant au s\u00e9rieux nos lecteurs et nos sujets. En mode &#8211; cosm\u00e9tique &#8211; art de vivre &#8211; art culinaire et voyage nous souhaitons permettre a tous de trouver se qui l&rsquo;int\u00e9resse.\u00a0\u00a0<\/p>\n<p>Le nom Inquisiteur vient de se souhait de recherche continue, nous nous imitions dans tout les sujet en particulier ceux auquel on ne s&rsquo;attend pas.\u00a0\u00a0\u00a0<\/p>\n<p>Nous avons \u00e9galement l&rsquo;envie de vous inclure dans notre magazine en vous offrant la possibilit\u00e9 de nous soumettre des sujets a aborder via la page contact. Nous pourrons alors aborder ses sujet via notre podcats ou bien gr\u00e2ce a des article.\u00a0\u00a0\u00a0<\/p>\n<p>&nbsp;<\/p>\n<p>[\/et_pb_text][\/et_pb_column][et_pb_column type=\u00a0\u00bb1_2&Prime; _builder_version=\u00a0\u00bb4.23.1&Prime; _module_preset=\u00a0\u00bbdefault\u00a0\u00bb global_colors_info=\u00a0\u00bb{}\u00a0\u00bb][et_pb_image src=\u00a0\u00bbhttps:\/\/trend-setting.fr\/2a1fr3\/wp-content\/uploads\/sites\/4\/2024\/01\/5.jpeg\u00a0\u00bb alt=\u00a0\u00bbInquisiteur magazine : entre histoire valeurs et Missions\u00a0\u00bb title_text=\u00a0\u00bb_ (5)\u00a0\u00bb _builder_version=\u00a0\u00bb4.23.1&Prime; _module_preset=\u00a0\u00bbdefault\u00a0\u00bb custom_margin=\u00a0\u00bb||13px|||\u00a0\u00bb global_colors_info=\u00a0\u00bb{}\u00a0\u00bb][\/et_pb_image][\/et_pb_column][\/et_pb_row][et_pb_row _builder_version=\u00a0\u00bb4.23.1&Prime; _module_preset=\u00a0\u00bbdefault\u00a0\u00bb custom_margin=\u00a0\u00bb-3px|auto||auto||\u00a0\u00bb custom_padding=\u00a0\u00bb1px||0px|||\u00a0\u00bb hover_enabled=\u00a0\u00bb0&Prime; global_colors_info=\u00a0\u00bb{}\u00a0\u00bb sticky_enabled=\u00a0\u00bb0&Prime;][et_pb_column type=\u00a0\u00bb4_4&Prime; _builder_version=\u00a0\u00bb4.23.1&Prime; _module_preset=\u00a0\u00bbdefault\u00a0\u00bb global_colors_info=\u00a0\u00bb{}\u00a0\u00bb][et_pb_text _builder_version=\u00a0\u00bb4.23.1&Prime; _module_preset=\u00a0\u00bbdefault\u00a0\u00bb min_height=\u00a0\u00bb530px\u00a0\u00bb custom_margin=\u00a0\u00bb||-101px|||\u00a0\u00bb custom_padding=\u00a0\u00bb||0px|||\u00a0\u00bb global_colors_info=\u00a0\u00bb{}\u00a0\u00bb inline_fonts=\u00a0\u00bbABeeZee\u00a0\u00bb]<\/p>\n<p><span style=\"text-decoration: underline;font-family: ABeeZee\">Nos valeurs.<\/span><\/p>\n<p><span style=\"font-family: ABeeZee\">Nos valeurs sont multiples. En commen\u00e7ant par une ouverture d&rsquo;esprits a toute \u00e9preuve, nous sommes apte a parler de tout les sujet de fa\u00e7on a permettre une pleine information, nous n&rsquo;avons aucun tabou. Nous prenons au s\u00e9rieux la g\u00e9n\u00e9rations auquel nous nous adressons et nous prenons au s\u00e9rieux leurs probl\u00e9matique et question quelque soit le sujet. Le ton de notre magazine est alors en accord avec ses valeurs, notre lecteurs est comme nous, jeune et plein de question, en qu\u00eate de d\u00e9couverte et d&rsquo;information, trop peu souvent pris au s\u00e9rieux alors nous serons celles qui les mettrons en avant et qui leurs donnerons la parole qui leurs revient.<\/span><\/p>\n<p><span style=\"font-family: ABeeZee\">Nous souhaitons \u00e9galement parler de sujet responsable. Que nous vous proposions des bonnes adresses ou des produits innovant notre objectif et qu&rsquo;ils soient responsable. Dans le monde actuelle, promouvoir des produits \u00e9thique est primordiale. Nous ne souhaitons pas \u00eatre sources d&rsquo;achats n\u00e9faste pour l&rsquo;environnement utilisant des ressources n\u00e9faste, ou des produit dangereux pour la sant\u00e9 que se soit la votre, celle <span style=\"font-weight: normal\">des communaut\u00e9 vivant pr\u00e8s des usines, la sant\u00e9 des travailleur ainsi que celle de la phone et de la flore. L&rsquo;environnement passe au premier plan c&rsquo;est d&rsquo;ailleurs pour cela que nous vous donnerons majoritairement des bon plan vert m\u00eame au niveau des voyage en favorisant l&rsquo;\u00e9co-tourisme.<\/span><\/span><\/p>\n<p><span style=\"font-family: ABeeZee;font-weight: normal\">Le bon traitement des employ\u00e9s est \u00e9galement indispensable, nous faisons attentions au conditions de traitement dans les zones de productions et nous vous informons dessus.<\/span><\/p>\n<p><span style=\"text-decoration: underline;font-family: ABeeZee;font-weight: normal\">Nos missions.<\/span><\/p>\n<p><span style=\"font-family: ABeeZee;font-weight: normal\">Les principale missions sont alors de vous \u00e9coutez, vous parlez de fa\u00e7on adapter, de nous renouvelez tout en gardant un capte responsable et \u00e9thique. \u00catre sans tabous \u00e0 l&rsquo;affut de tout les sujets pertinent en particulier ceux dont personnes parle. Nous donnons la parole a ceux a qui ont ne la donne jamais.<\/span><\/p>\n<p><span style=\"font-family: ABeeZee;font-weight: normal\">Nous esp\u00e9rons qu&rsquo;Inquisiteur magazine : entre Histoire missions et Valeurs soit fait pour vous. Nous vous invitons alors \u00e0 d\u00e9couvrir nos autres page afin de rencontrez notre \u00e9quipe ou bien directement sur nos articles.<\/span><\/p>\n<p>&nbsp;<\/p>\n<p>[\/et_pb_text][et_pb_code _builder_version=\u00a0\u00bb4.23.1&Prime; _module_preset=\u00a0\u00bbdefault\u00a0\u00bb global_colors_info=\u00a0\u00bb{}\u00a0\u00bb][\/et_pb_code][\/et_pb_column][\/et_pb_row][\/et_pb_section]<\/p>\n","protected":false},"excerpt":{"rendered":"<p>Inquisiteur magazine : entre Histoire missions et Valeurs. D\u00e9couvrez qui nous sommes, l&rsquo;histoire de notre cr\u00e9ation, nos valeurs dans notre processus cr\u00e9atif ainsi que nos au quotidient nous guidant dans la cr\u00e9ation du magazine.L&rsquo;histoire. Tout d\u00e9bute en septembre 2023. Nous sommes cinq \u00e9tudiante en fashion business a Esmod. Un jour nous parlions ensemble et nous [&hellip;]<\/p>\n","protected":false},"author":14,"featured_media":0,"parent":0,"menu_order":0,"comment_status":"closed","ping_status":"closed","template":"","meta":{"_et_pb_use_builder":"on","_et_pb_old_content":"","_et_gb_content_width":"","footnotes":""},"yoast_head":"<!-- This site is optimized with the Yoast SEO plugin v22.3 - https:\/\/yoast.com\/wordpress\/plugins\/seo\/ -->\n<title>Inquisiteur magazine : entre Histoire missions et Valeurs<\/title>\n<meta name=\"description\" content=\"L&#039;histoire de la naissance d&#039;Inquisiteur, nos valeurs et missions a travers se magazine. Entre transmissions de bon plan et responsabilit\u00e9.\" \/>\n<meta name=\"robots\" content=\"index, follow, max-snippet:-1, max-image-preview:large, max-video-preview:-1\" \/>\n<link rel=\"canonical\" href=\"https:\/\/trend-setting.fr\/2a1fr3\/inquisiteur-magazine-histoire-missions-valeurs\/\" \/>\n<meta property=\"og:locale\" content=\"fr_FR\" \/>\n<meta property=\"og:type\" content=\"article\" \/>\n<meta property=\"og:title\" content=\"Inquisiteur magazine : entre Histoire missions et Valeurs\" \/>\n<meta property=\"og:description\" content=\"L&#039;histoire de la naissance d&#039;Inquisiteur, nos valeurs et missions a travers se magazine. Entre transmissions de bon plan et responsabilit\u00e9.\" \/>\n<meta property=\"og:url\" content=\"https:\/\/trend-setting.fr\/2a1fr3\/inquisiteur-magazine-histoire-missions-valeurs\/\" \/>\n<meta property=\"og:site_name\" content=\"Groupe 3 2A1\" \/>\n<meta property=\"article:modified_time\" content=\"2024-04-18T09:15:27+00:00\" \/>\n<meta name=\"twitter:card\" content=\"summary_large_image\" \/>\n<meta name=\"twitter:label1\" content=\"Dur\u00e9e de lecture estim\u00e9e\" \/>\n\t<meta name=\"twitter:data1\" content=\"4 minutes\" \/>\n<script type=\"application\/ld+json\" class=\"yoast-schema-graph\">{\"@context\":\"https:\/\/schema.org\",\"@graph\":[{\"@type\":\"WebPage\",\"@id\":\"https:\/\/trend-setting.fr\/2a1fr3\/inquisiteur-magazine-histoire-missions-valeurs\/\",\"url\":\"https:\/\/trend-setting.fr\/2a1fr3\/inquisiteur-magazine-histoire-missions-valeurs\/\",\"name\":\"Inquisiteur magazine : entre Histoire missions et Valeurs\",\"isPartOf\":{\"@id\":\"https:\/\/trend-setting.fr\/2a1fr3\/#website\"},\"datePublished\":\"2024-01-09T13:35:29+00:00\",\"dateModified\":\"2024-04-18T09:15:27+00:00\",\"description\":\"L'histoire de la naissance d'Inquisiteur, nos valeurs et missions a travers se magazine. Entre transmissions de bon plan et responsabilit\u00e9.\",\"breadcrumb\":{\"@id\":\"https:\/\/trend-setting.fr\/2a1fr3\/inquisiteur-magazine-histoire-missions-valeurs\/#breadcrumb\"},\"inLanguage\":\"fr-FR\",\"potentialAction\":[{\"@type\":\"ReadAction\",\"target\":[\"https:\/\/trend-setting.fr\/2a1fr3\/inquisiteur-magazine-histoire-missions-valeurs\/\"]}]},{\"@type\":\"BreadcrumbList\",\"@id\":\"https:\/\/trend-setting.fr\/2a1fr3\/inquisiteur-magazine-histoire-missions-valeurs\/#breadcrumb\",\"itemListElement\":[{\"@type\":\"ListItem\",\"position\":1,\"name\":\"Accueil\",\"item\":\"https:\/\/trend-setting.fr\/2a1fr3\/\"},{\"@type\":\"ListItem\",\"position\":2,\"name\":\"\u00c0 propos\"}]},{\"@type\":\"WebSite\",\"@id\":\"https:\/\/trend-setting.fr\/2a1fr3\/#website\",\"url\":\"https:\/\/trend-setting.fr\/2a1fr3\/\",\"name\":\"Groupe 3 2A1\",\"description\":\"\",\"potentialAction\":[{\"@type\":\"SearchAction\",\"target\":{\"@type\":\"EntryPoint\",\"urlTemplate\":\"https:\/\/trend-setting.fr\/2a1fr3\/?s={search_term_string}\"},\"query-input\":\"required name=search_term_string\"}],\"inLanguage\":\"fr-FR\"}]}<\/script>\n<!-- \/ Yoast SEO plugin. -->","yoast_head_json":{"title":"Inquisiteur magazine : entre Histoire missions et Valeurs","description":"L'histoire de la naissance d'Inquisiteur, nos valeurs et missions a travers se magazine. Entre transmissions de bon plan et responsabilit\u00e9.","robots":{"index":"index","follow":"follow","max-snippet":"max-snippet:-1","max-image-preview":"max-image-preview:large","max-video-preview":"max-video-preview:-1"},"canonical":"https:\/\/trend-setting.fr\/2a1fr3\/inquisiteur-magazine-histoire-missions-valeurs\/","og_locale":"fr_FR","og_type":"article","og_title":"Inquisiteur magazine : entre Histoire missions et Valeurs","og_description":"L'histoire de la naissance d'Inquisiteur, nos valeurs et missions a travers se magazine. Entre transmissions de bon plan et responsabilit\u00e9.","og_url":"https:\/\/trend-setting.fr\/2a1fr3\/inquisiteur-magazine-histoire-missions-valeurs\/","og_site_name":"Groupe 3 2A1","article_modified_time":"2024-04-18T09:15:27+00:00","twitter_card":"summary_large_image","twitter_misc":{"Dur\u00e9e de lecture estim\u00e9e":"4 minutes"},"schema":{"@context":"https:\/\/schema.org","@graph":[{"@type":"WebPage","@id":"https:\/\/trend-setting.fr\/2a1fr3\/inquisiteur-magazine-histoire-missions-valeurs\/","url":"https:\/\/trend-setting.fr\/2a1fr3\/inquisiteur-magazine-histoire-missions-valeurs\/","name":"Inquisiteur magazine : entre Histoire missions et Valeurs","isPartOf":{"@id":"https:\/\/trend-setting.fr\/2a1fr3\/#website"},"datePublished":"2024-01-09T13:35:29+00:00","dateModified":"2024-04-18T09:15:27+00:00","description":"L'histoire de la naissance d'Inquisiteur, nos valeurs et missions a travers se magazine. Entre transmissions de bon plan et responsabilit\u00e9.","breadcrumb":{"@id":"https:\/\/trend-setting.fr\/2a1fr3\/inquisiteur-magazine-histoire-missions-valeurs\/#breadcrumb"},"inLanguage":"fr-FR","potentialAction":[{"@type":"ReadAction","target":["https:\/\/trend-setting.fr\/2a1fr3\/inquisiteur-magazine-histoire-missions-valeurs\/"]}]},{"@type":"BreadcrumbList","@id":"https:\/\/trend-setting.fr\/2a1fr3\/inquisiteur-magazine-histoire-missions-valeurs\/#breadcrumb","itemListElement":[{"@type":"ListItem","position":1,"name":"Accueil","item":"https:\/\/trend-setting.fr\/2a1fr3\/"},{"@type":"ListItem","position":2,"name":"\u00c0 propos"}]},{"@type":"WebSite","@id":"https:\/\/trend-setting.fr\/2a1fr3\/#website","url":"https:\/\/trend-setting.fr\/2a1fr3\/","name":"Groupe 3 2A1","description":"","potentialAction":[{"@type":"SearchAction","target":{"@type":"EntryPoint","urlTemplate":"https:\/\/trend-setting.fr\/2a1fr3\/?s={search_term_string}"},"query-input":"required name=search_term_string"}],"inLanguage":"fr-FR"}]}},"_links":{"self":[{"href":"https:\/\/trend-setting.fr\/2a1fr3\/wp-json\/wp\/v2\/pages\/135"}],"collection":[{"href":"https:\/\/trend-setting.fr\/2a1fr3\/wp-json\/wp\/v2\/pages"}],"about":[{"href":"https:\/\/trend-setting.fr\/2a1fr3\/wp-json\/wp\/v2\/types\/page"}],"author":[{"embeddable":true,"href":"https:\/\/trend-setting.fr\/2a1fr3\/wp-json\/wp\/v2\/users\/14"}],"replies":[{"embeddable":true,"href":"https:\/\/trend-setting.fr\/2a1fr3\/wp-json\/wp\/v2\/comments?post=135"}],"version-history":[{"count":16,"href":"https:\/\/trend-setting.fr\/2a1fr3\/wp-json\/wp\/v2\/pages\/135\/revisions"}],"predecessor-version":[{"id":638,"href":"https:\/\/trend-setting.fr\/2a1fr3\/wp-json\/wp\/v2\/pages\/135\/revisions\/638"}],"wp:attachment":[{"href":"https:\/\/trend-setting.fr\/2a1fr3\/wp-json\/wp\/v2\/media?parent=135"}],"curies":[{"name":"wp","href":"https:\/\/api.w.org\/{rel}","templated":true}]}}