{"id":259,"date":"2024-03-28T16:45:55","date_gmt":"2024-03-28T15:45:55","guid":{"rendered":"https:\/\/trend-setting.fr\/2a1fr6\/?page_id=259"},"modified":"2024-04-18T13:54:28","modified_gmt":"2024-04-18T11:54:28","slug":"equipe","status":"publish","type":"page","link":"https:\/\/trend-setting.fr\/2a1fr6\/equipe\/","title":{"rendered":"\u00c9quipe"},"content":{"rendered":"<p>[et_pb_section fb_built=\u00a0\u00bb1&Prime; _builder_version=\u00a0\u00bb4.23.1&Prime; _module_preset=\u00a0\u00bbdefault\u00a0\u00bb global_colors_info=\u00a0\u00bb{}\u00a0\u00bb][et_pb_row _builder_version=\u00a0\u00bb4.23.1&Prime; _module_preset=\u00a0\u00bbdefault\u00a0\u00bb global_colors_info=\u00a0\u00bb{}\u00a0\u00bb][et_pb_column type=\u00a0\u00bb4_4&Prime; _builder_version=\u00a0\u00bb4.23.1&Prime; _module_preset=\u00a0\u00bbdefault\u00a0\u00bb global_colors_info=\u00a0\u00bb{}\u00a0\u00bb][et_pb_text _builder_version=\u00a0\u00bb4.23.1&Prime; _module_preset=\u00a0\u00bbdefault\u00a0\u00bb text_font=\u00a0\u00bbArchivo Black||||||||\u00a0\u00bb text_text_color=\u00a0\u00bb#000000&Prime; text_font_size=\u00a0\u00bb34px\u00a0\u00bb global_colors_info=\u00a0\u00bb{}\u00a0\u00bb]L\u2019\u00e9quipe de ESASE magazine[\/et_pb_text][\/et_pb_column][\/et_pb_row][et_pb_row _builder_version=\u00a0\u00bb4.23.1&Prime; _module_preset=\u00a0\u00bbdefault\u00a0\u00bb min_height=\u00a0\u00bb1156px\u00a0\u00bb custom_padding=\u00a0\u00bb18px|||0px|false|false\u00a0\u00bb hover_enabled=\u00a0\u00bb0&Prime; global_colors_info=\u00a0\u00bb{}\u00a0\u00bb sticky_enabled=\u00a0\u00bb0&Prime;][et_pb_column type=\u00a0\u00bb4_4&Prime; _builder_version=\u00a0\u00bb4.23.1&Prime; _module_preset=\u00a0\u00bbdefault\u00a0\u00bb global_colors_info=\u00a0\u00bb{}\u00a0\u00bb][et_pb_text _builder_version=\u00a0\u00bb4.23.1&Prime; _module_preset=\u00a0\u00bbdefault\u00a0\u00bb text_font=\u00a0\u00bbCabin||||||||\u00a0\u00bb text_text_color=\u00a0\u00bb#000000&Prime; inline_fonts=\u00a0\u00bbArchivo Black\u00a0\u00bb global_colors_info=\u00a0\u00bb{}\u00a0\u00bb]<\/p>\n<h2><span style=\"font-family: 'Archivo Black';font-weight: normal;font-size: xx-large\">Des amis avant tout<\/span><\/h2>\n<p><span>L&rsquo;\u00e9quipe derri\u00e8re ce magazine est compos\u00e9e de professionnels passionn\u00e9s et d\u00e9vou\u00e9s. Nous partageons une vision commune de c\u00e9l\u00e9brer l&rsquo;art, la mode et la culture sous toutes leurs formes. Chacun de nous apporte son expertise et sa cr\u00e9ativit\u00e9 pour offrir \u00e0 nos lecteurs un contenu riche et inspirant.<\/span><\/p>\n<p><span><\/span><\/p>\n<p>Nous sommes un groupe de collaborateurs qui se sont rencontr\u00e9s dans le cadre de nos \u00e9tudes en mode. Au fil des ann\u00e9es, nous avons d\u00e9velopp\u00e9 une amiti\u00e9 et une complicit\u00e9 qui se sont r\u00e9v\u00e9l\u00e9es essentielles dans notre travail d&rsquo;\u00e9quipe. Notre diversit\u00e9 de comp\u00e9tences et d&rsquo;exp\u00e9riences nous permet de collaborer efficacement pour produire un magazine de qualit\u00e9.<\/p>\n<p>Nos chemins se sont crois\u00e9s \u00e0 l&rsquo;\u00e9cole de mode, o\u00f9 nous avons partag\u00e9 des cours, des projets et des moments de cr\u00e9ativit\u00e9. Chacun avec son propre parcours et sa passion pour l&rsquo;art et la mode, nous nous sommes rapidement rendu compte que nous avions des objectifs communs. Notre amiti\u00e9 s&rsquo;est solidifi\u00e9e au fil du temps, nourrie par notre engagement \u00e0 explorer les nombreuses facettes de l&rsquo;expression artistique.<\/p>\n<p>&nbsp;<\/p>\n<h2><span style=\"font-family: 'Archivo Black';font-size: xx-large\">Nos objectifs pour ESASE<\/span><\/h2>\n<p>Notre mission est de capturer l&rsquo;esprit cr\u00e9atif du moment et de mettre en lumi\u00e8re les talents \u00e9mergents, tout en c\u00e9l\u00e9brant les figures embl\u00e9matiques de l&rsquo;art et de la mode. Nous nous effor\u00e7ons de fournir \u00e0 nos lecteurs un contenu informatif, divertissant et esth\u00e9tiquement plaisant, tout en restant fid\u00e8les \u00e0 notre vision \u00e9ditoriale.<\/p>\n<p>Chaque membre de notre \u00e9quipe contribue de mani\u00e8re significative \u00e0 la r\u00e9alisation de cette mission. De la r\u00e9daction \u00e0 la conception graphique, de la photographie \u00e0 l&rsquo;\u00e9dition, nous travaillons ensemble pour cr\u00e9er un magazine qui inspire, informe et divertit. Notre passion pour notre travail se refl\u00e8te dans chaque page, dans chaque article et dans chaque image que nous produisons.<\/p>\n<p><span>Nous sommes ravis de partager notre passion avec nos lecteurs et de les emmener dans un voyage \u00e0 travers les mondes fascinants de l&rsquo;art, de la mode et de la culture. Nous esp\u00e9rons que notre magazine sera une source d&rsquo;inspiration et d&rsquo;\u00e9merveillement pour tous ceux qui le parcourent.<\/span><\/p>\n<p>[\/et_pb_text][\/et_pb_column][\/et_pb_row][et_pb_row column_structure=\u00a0\u00bb1_5,1_5,1_5,1_5,1_5&Prime; _builder_version=\u00a0\u00bb4.23.1&Prime; _module_preset=\u00a0\u00bbdefault\u00a0\u00bb global_colors_info=\u00a0\u00bb{}\u00a0\u00bb][et_pb_column type=\u00a0\u00bb1_5&Prime; _builder_version=\u00a0\u00bb4.23.1&Prime; _module_preset=\u00a0\u00bbdefault\u00a0\u00bb global_colors_info=\u00a0\u00bb{}\u00a0\u00bb][et_pb_image src=\u00a0\u00bbhttps:\/\/trend-setting.fr\/2a1fr6\/wp-content\/uploads\/sites\/7\/2024\/04\/tempImageR5fBTJ.jpg\u00a0\u00bb title_text=\u00a0\u00bbtempImageR5fBTJ\u00a0\u00bb url=\u00a0\u00bbhttps:\/\/www.instagram.com\/flamme______\u00a0\u00bb _builder_version=\u00a0\u00bb4.23.1&Prime; _module_preset=\u00a0\u00bbdefault\u00a0\u00bb global_colors_info=\u00a0\u00bb{}\u00a0\u00bb][\/et_pb_image][et_pb_text _builder_version=\u00a0\u00bb4.23.1&Prime; _module_preset=\u00a0\u00bbdefault\u00a0\u00bb text_font=\u00a0\u00bbCabin||||||||\u00a0\u00bb text_text_color=\u00a0\u00bb#000000&Prime; global_colors_info=\u00a0\u00bb{}\u00a0\u00bb]Eva Torck<br \/>\nJournaliste et directrice de projet[\/et_pb_text][\/et_pb_column][et_pb_column type=\u00a0\u00bb1_5&Prime; _builder_version=\u00a0\u00bb4.23.1&Prime; _module_preset=\u00a0\u00bbdefault\u00a0\u00bb global_colors_info=\u00a0\u00bb{}\u00a0\u00bb][et_pb_image src=\u00a0\u00bbhttps:\/\/trend-setting.fr\/2a1fr6\/wp-content\/uploads\/sites\/7\/2024\/04\/IMG_0800.jpeg\u00a0\u00bb title_text=\u00a0\u00bbIMG_0800&Prime; url=\u00a0\u00bbhttp:\/\/instagram.com\/sauleil\u00a0\u00bb _builder_version=\u00a0\u00bb4.23.1&Prime; _module_preset=\u00a0\u00bbdefault\u00a0\u00bb width=\u00a0\u00bb92%\u00a0\u00bb global_colors_info=\u00a0\u00bb{}\u00a0\u00bb][\/et_pb_image][et_pb_text _builder_version=\u00a0\u00bb4.23.1&Prime; _module_preset=\u00a0\u00bbdefault\u00a0\u00bb text_font=\u00a0\u00bbCabin||||||||\u00a0\u00bb text_text_color=\u00a0\u00bb#000000&Prime; global_colors_info=\u00a0\u00bb{}\u00a0\u00bb]Saule Roch<br \/>\nCommunity manager [\/et_pb_text][\/et_pb_column][et_pb_column type=\u00a0\u00bb1_5&Prime; _builder_version=\u00a0\u00bb4.23.1&Prime; _module_preset=\u00a0\u00bbdefault\u00a0\u00bb global_colors_info=\u00a0\u00bb{}\u00a0\u00bb][et_pb_image src=\u00a0\u00bbhttps:\/\/trend-setting.fr\/2a1fr6\/wp-content\/uploads\/sites\/7\/2024\/04\/IMG_4713-2.jpg\u00a0\u00bb title_text=\u00a0\u00bbIMG_4713 2&Prime; url=\u00a0\u00bbhttp:\/\/instagram.com\/enniotcn\u00a0\u00bb _builder_version=\u00a0\u00bb4.23.1&Prime; _module_preset=\u00a0\u00bbdefault\u00a0\u00bb width=\u00a0\u00bb88%\u00a0\u00bb global_colors_info=\u00a0\u00bb{}\u00a0\u00bb][\/et_pb_image][et_pb_text _builder_version=\u00a0\u00bb4.23.1&Prime; _module_preset=\u00a0\u00bbdefault\u00a0\u00bb text_font=\u00a0\u00bbCabin||||||||\u00a0\u00bb text_text_color=\u00a0\u00bb#000000&Prime; global_colors_info=\u00a0\u00bb{}\u00a0\u00bb]<\/p>\n<p>Ennio Tacchini<br \/>\nReporter et photographe [\/et_pb_text][\/et_pb_column][et_pb_column type=\u00a0\u00bb1_5&Prime; _builder_version=\u00a0\u00bb4.23.1&Prime; _module_preset=\u00a0\u00bbdefault\u00a0\u00bb global_colors_info=\u00a0\u00bb{}\u00a0\u00bb][et_pb_image src=\u00a0\u00bbhttps:\/\/trend-setting.fr\/2a1fr6\/wp-content\/uploads\/sites\/7\/2024\/04\/IMG_1432-scaled-e1713438875467.jpg\u00a0\u00bb title_text=\u00a0\u00bbIMG_1432&Prime; url=\u00a0\u00bbhttp:\/\/instagram.com\/angelinamarianim\u00a0\u00bb force_fullwidth=\u00a0\u00bbon\u00a0\u00bb _builder_version=\u00a0\u00bb4.23.1&Prime; _module_preset=\u00a0\u00bbdefault\u00a0\u00bb global_colors_info=\u00a0\u00bb{}\u00a0\u00bb][\/et_pb_image][et_pb_text _builder_version=\u00a0\u00bb4.23.1&Prime; _module_preset=\u00a0\u00bbdefault\u00a0\u00bb text_font=\u00a0\u00bbCabin||||||||\u00a0\u00bb text_text_color=\u00a0\u00bb#000000&Prime; global_colors_info=\u00a0\u00bb{}\u00a0\u00bb]Angelina Mariani<br \/>\nDirectrice de production et de publication [\/et_pb_text][\/et_pb_column][et_pb_column type=\u00a0\u00bb1_5&Prime; _builder_version=\u00a0\u00bb4.23.1&Prime; _module_preset=\u00a0\u00bbdefault\u00a0\u00bb global_colors_info=\u00a0\u00bb{}\u00a0\u00bb][et_pb_image src=\u00a0\u00bbhttps:\/\/trend-setting.fr\/2a1fr6\/wp-content\/uploads\/sites\/7\/2024\/04\/IMG_5794-3.jpeg\u00a0\u00bb title_text=\u00a0\u00bbIMG_5794 3&Prime; url=\u00a0\u00bbhttp:\/\/instagram.com\/solenn_mrcs\u00a0\u00bb _builder_version=\u00a0\u00bb4.23.1&Prime; _module_preset=\u00a0\u00bbdefault\u00a0\u00bb width=\u00a0\u00bb91.4%\u00a0\u00bb global_colors_info=\u00a0\u00bb{}\u00a0\u00bb][\/et_pb_image][et_pb_text _builder_version=\u00a0\u00bb4.23.1&Prime; _module_preset=\u00a0\u00bbdefault\u00a0\u00bb text_font=\u00a0\u00bbCabin||||||||\u00a0\u00bb text_text_color=\u00a0\u00bb#000000&Prime; global_colors_info=\u00a0\u00bb{}\u00a0\u00bb]Solenn Mar\u00e7ais<br \/>\nR\u00e9dactrice en chef[\/et_pb_text][\/et_pb_column][\/et_pb_row][et_pb_row _builder_version=\u00a0\u00bb4.23.1&Prime; _module_preset=\u00a0\u00bbdefault\u00a0\u00bb global_colors_info=\u00a0\u00bb{}\u00a0\u00bb][et_pb_column type=\u00a0\u00bb4_4&Prime; _builder_version=\u00a0\u00bb4.23.1&Prime; _module_preset=\u00a0\u00bbdefault\u00a0\u00bb global_colors_info=\u00a0\u00bb{}\u00a0\u00bb][et_pb_image src=\u00a0\u00bbhttps:\/\/trend-setting.fr\/2a1fr6\/wp-content\/uploads\/sites\/7\/2023\/12\/image-removebg-preview.png\u00a0\u00bb title_text=\u00a0\u00bbimage-removebg-preview\u00a0\u00bb url=\u00a0\u00bb@ET-DC@eyJkeW5hbWljIjp0cnVlLCJjb250ZW50IjoiaG9tZV91cmwiLCJzZXR0aW5ncyI6e319@\u00a0\u00bb align=\u00a0\u00bbcenter\u00a0\u00bb _builder_version=\u00a0\u00bb4.23.1&Prime; _dynamic_attributes=\u00a0\u00bburl\u00a0\u00bb _module_preset=\u00a0\u00bbdefault\u00a0\u00bb global_colors_info=\u00a0\u00bb{}\u00a0\u00bb][\/et_pb_image][et_pb_text _builder_version=\u00a0\u00bb4.23.1&Prime; _module_preset=\u00a0\u00bbdefault\u00a0\u00bb text_font=\u00a0\u00bbCabin||||||||\u00a0\u00bb text_font_size=\u00a0\u00bb18px\u00a0\u00bb text_orientation=\u00a0\u00bbcenter\u00a0\u00bb custom_padding=\u00a0\u00bb0px|||||\u00a0\u00bb global_colors_info=\u00a0\u00bb{}\u00a0\u00bb]Cliquez pour acc\u00e9der \u00e0 la page d\u2019accueil. [\/et_pb_text][\/et_pb_column][\/et_pb_row][\/et_pb_section]<\/p>\n","protected":false},"excerpt":{"rendered":"<p>L\u2019\u00e9quipe de ESASE magazineDes amis avant tout L&rsquo;\u00e9quipe derri\u00e8re ce magazine est compos\u00e9e de professionnels passionn\u00e9s et d\u00e9vou\u00e9s. Nous partageons une vision commune de c\u00e9l\u00e9brer l&rsquo;art, la mode et la culture sous toutes leurs formes. Chacun de nous apporte son expertise et sa cr\u00e9ativit\u00e9 pour offrir \u00e0 nos lecteurs un contenu riche et inspirant. Nous [&hellip;]<\/p>\n","protected":false},"author":32,"featured_media":0,"parent":0,"menu_order":0,"comment_status":"closed","ping_status":"closed","template":"","meta":{"_et_pb_use_builder":"on","_et_pb_old_content":"","_et_gb_content_width":"","footnotes":""},"yoast_head":"<!-- This site is optimized with the Yoast SEO plugin v22.3 - https:\/\/yoast.com\/wordpress\/plugins\/seo\/ -->\n<title>L&#039;\u00e9quipe ESASE Magazine<\/title>\n<meta name=\"description\" content=\"D\u00e9couvrez l&#039;\u00e9quipe qui constitue le magazine ESASE, cinq \u00e9tudiants qui ont d\u00e9cid\u00e9 d&#039;ouvrir de nouvelles fen\u00eatres sur le monde.\" \/>\n<meta name=\"robots\" content=\"index, follow, max-snippet:-1, max-image-preview:large, max-video-preview:-1\" \/>\n<link rel=\"canonical\" href=\"https:\/\/trend-setting.fr\/2a1fr6\/equipe\/\" \/>\n<meta property=\"og:locale\" content=\"fr_FR\" \/>\n<meta property=\"og:type\" content=\"article\" \/>\n<meta property=\"og:title\" content=\"L&#039;\u00e9quipe ESASE Magazine\" \/>\n<meta property=\"og:description\" content=\"D\u00e9couvrez l&#039;\u00e9quipe qui constitue le magazine ESASE, cinq \u00e9tudiants qui ont d\u00e9cid\u00e9 d&#039;ouvrir de nouvelles fen\u00eatres sur le monde.\" \/>\n<meta property=\"og:url\" content=\"https:\/\/trend-setting.fr\/2a1fr6\/equipe\/\" \/>\n<meta property=\"og:site_name\" content=\"Groupe 6 2A1\" \/>\n<meta property=\"article:modified_time\" content=\"2024-04-18T11:54:28+00:00\" \/>\n<meta name=\"twitter:card\" content=\"summary_large_image\" \/>\n<meta name=\"twitter:label1\" content=\"Dur\u00e9e de lecture estim\u00e9e\" \/>\n\t<meta name=\"twitter:data1\" content=\"4 minutes\" \/>\n<script type=\"application\/ld+json\" class=\"yoast-schema-graph\">{\"@context\":\"https:\/\/schema.org\",\"@graph\":[{\"@type\":\"WebPage\",\"@id\":\"https:\/\/trend-setting.fr\/2a1fr6\/equipe\/\",\"url\":\"https:\/\/trend-setting.fr\/2a1fr6\/equipe\/\",\"name\":\"L'\u00e9quipe ESASE Magazine\",\"isPartOf\":{\"@id\":\"https:\/\/trend-setting.fr\/2a1fr6\/#website\"},\"datePublished\":\"2024-03-28T15:45:55+00:00\",\"dateModified\":\"2024-04-18T11:54:28+00:00\",\"description\":\"D\u00e9couvrez l'\u00e9quipe qui constitue le magazine ESASE, cinq \u00e9tudiants qui ont d\u00e9cid\u00e9 d'ouvrir de nouvelles fen\u00eatres sur le monde.\",\"breadcrumb\":{\"@id\":\"https:\/\/trend-setting.fr\/2a1fr6\/equipe\/#breadcrumb\"},\"inLanguage\":\"fr-FR\",\"potentialAction\":[{\"@type\":\"ReadAction\",\"target\":[\"https:\/\/trend-setting.fr\/2a1fr6\/equipe\/\"]}]},{\"@type\":\"BreadcrumbList\",\"@id\":\"https:\/\/trend-setting.fr\/2a1fr6\/equipe\/#breadcrumb\",\"itemListElement\":[{\"@type\":\"ListItem\",\"position\":1,\"name\":\"Accueil\",\"item\":\"https:\/\/trend-setting.fr\/2a1fr6\/\"},{\"@type\":\"ListItem\",\"position\":2,\"name\":\"\u00c9quipe\"}]},{\"@type\":\"WebSite\",\"@id\":\"https:\/\/trend-setting.fr\/2a1fr6\/#website\",\"url\":\"https:\/\/trend-setting.fr\/2a1fr6\/\",\"name\":\"Groupe 6 2A1\",\"description\":\"Tirez vos rideaux et ouvrez une nouvelle fen\u00eatre sur le monde\",\"potentialAction\":[{\"@type\":\"SearchAction\",\"target\":{\"@type\":\"EntryPoint\",\"urlTemplate\":\"https:\/\/trend-setting.fr\/2a1fr6\/?s={search_term_string}\"},\"query-input\":\"required name=search_term_string\"}],\"inLanguage\":\"fr-FR\"}]}<\/script>\n<!-- \/ Yoast SEO plugin. -->","yoast_head_json":{"title":"L'\u00e9quipe ESASE Magazine","description":"D\u00e9couvrez l'\u00e9quipe qui constitue le magazine ESASE, cinq \u00e9tudiants qui ont d\u00e9cid\u00e9 d'ouvrir de nouvelles fen\u00eatres sur le monde.","robots":{"index":"index","follow":"follow","max-snippet":"max-snippet:-1","max-image-preview":"max-image-preview:large","max-video-preview":"max-video-preview:-1"},"canonical":"https:\/\/trend-setting.fr\/2a1fr6\/equipe\/","og_locale":"fr_FR","og_type":"article","og_title":"L'\u00e9quipe ESASE Magazine","og_description":"D\u00e9couvrez l'\u00e9quipe qui constitue le magazine ESASE, cinq \u00e9tudiants qui ont d\u00e9cid\u00e9 d'ouvrir de nouvelles fen\u00eatres sur le monde.","og_url":"https:\/\/trend-setting.fr\/2a1fr6\/equipe\/","og_site_name":"Groupe 6 2A1","article_modified_time":"2024-04-18T11:54:28+00:00","twitter_card":"summary_large_image","twitter_misc":{"Dur\u00e9e de lecture estim\u00e9e":"4 minutes"},"schema":{"@context":"https:\/\/schema.org","@graph":[{"@type":"WebPage","@id":"https:\/\/trend-setting.fr\/2a1fr6\/equipe\/","url":"https:\/\/trend-setting.fr\/2a1fr6\/equipe\/","name":"L'\u00e9quipe ESASE Magazine","isPartOf":{"@id":"https:\/\/trend-setting.fr\/2a1fr6\/#website"},"datePublished":"2024-03-28T15:45:55+00:00","dateModified":"2024-04-18T11:54:28+00:00","description":"D\u00e9couvrez l'\u00e9quipe qui constitue le magazine ESASE, cinq \u00e9tudiants qui ont d\u00e9cid\u00e9 d'ouvrir de nouvelles fen\u00eatres sur le monde.","breadcrumb":{"@id":"https:\/\/trend-setting.fr\/2a1fr6\/equipe\/#breadcrumb"},"inLanguage":"fr-FR","potentialAction":[{"@type":"ReadAction","target":["https:\/\/trend-setting.fr\/2a1fr6\/equipe\/"]}]},{"@type":"BreadcrumbList","@id":"https:\/\/trend-setting.fr\/2a1fr6\/equipe\/#breadcrumb","itemListElement":[{"@type":"ListItem","position":1,"name":"Accueil","item":"https:\/\/trend-setting.fr\/2a1fr6\/"},{"@type":"ListItem","position":2,"name":"\u00c9quipe"}]},{"@type":"WebSite","@id":"https:\/\/trend-setting.fr\/2a1fr6\/#website","url":"https:\/\/trend-setting.fr\/2a1fr6\/","name":"Groupe 6 2A1","description":"Tirez vos rideaux et ouvrez une nouvelle fen\u00eatre sur le monde","potentialAction":[{"@type":"SearchAction","target":{"@type":"EntryPoint","urlTemplate":"https:\/\/trend-setting.fr\/2a1fr6\/?s={search_term_string}"},"query-input":"required name=search_term_string"}],"inLanguage":"fr-FR"}]}},"_links":{"self":[{"href":"https:\/\/trend-setting.fr\/2a1fr6\/wp-json\/wp\/v2\/pages\/259"}],"collection":[{"href":"https:\/\/trend-setting.fr\/2a1fr6\/wp-json\/wp\/v2\/pages"}],"about":[{"href":"https:\/\/trend-setting.fr\/2a1fr6\/wp-json\/wp\/v2\/types\/page"}],"author":[{"embeddable":true,"href":"https:\/\/trend-setting.fr\/2a1fr6\/wp-json\/wp\/v2\/users\/32"}],"replies":[{"embeddable":true,"href":"https:\/\/trend-setting.fr\/2a1fr6\/wp-json\/wp\/v2\/comments?post=259"}],"version-history":[{"count":25,"href":"https:\/\/trend-setting.fr\/2a1fr6\/wp-json\/wp\/v2\/pages\/259\/revisions"}],"predecessor-version":[{"id":872,"href":"https:\/\/trend-setting.fr\/2a1fr6\/wp-json\/wp\/v2\/pages\/259\/revisions\/872"}],"wp:attachment":[{"href":"https:\/\/trend-setting.fr\/2a1fr6\/wp-json\/wp\/v2\/media?parent=259"}],"curies":[{"name":"wp","href":"https:\/\/api.w.org\/{rel}","templated":true}]}}