{"id":72,"date":"2024-01-03T19:35:40","date_gmt":"2024-01-03T18:35:40","guid":{"rendered":"https:\/\/trend-setting.fr\/2a2fr1\/?page_id=72"},"modified":"2024-04-18T15:51:07","modified_gmt":"2024-04-18T13:51:07","slug":"tous-les-articles-du-magazine","status":"publish","type":"page","link":"https:\/\/trend-setting.fr\/2a2fr1\/tous-les-articles-du-magazine\/","title":{"rendered":"Tous les articles du magazine"},"content":{"rendered":"\n[et_pb_section fb_built=\u00a0\u00bb1&Prime; _builder_version=\u00a0\u00bb4.23.1&Prime; _module_preset=\u00a0\u00bbdefault\u00a0\u00bb min_height=\u00a0\u00bb124px\u00a0\u00bb custom_padding=\u00a0\u00bb||0px|||\u00a0\u00bb global_colors_info=\u00a0\u00bb{}\u00a0\u00bb][et_pb_row _builder_version=\u00a0\u00bb4.23.1&Prime; _module_preset=\u00a0\u00bbdefault\u00a0\u00bb global_colors_info=\u00a0\u00bb{}\u00a0\u00bb][et_pb_column type=\u00a0\u00bb4_4&Prime; _builder_version=\u00a0\u00bb4.23.1&Prime; _module_preset=\u00a0\u00bbdefault\u00a0\u00bb global_colors_info=\u00a0\u00bb{}\u00a0\u00bb][et_pb_text _builder_version=\u00a0\u00bb4.23.1&Prime; _module_preset=\u00a0\u00bbdefault\u00a0\u00bb hover_enabled=\u00a0\u00bb0&Prime; global_colors_info=\u00a0\u00bb{}\u00a0\u00bb sticky_enabled=\u00a0\u00bb0&Prime;]<h1 style=\"text-align: center\"><strong>Tous les articles\u00a0\u00a0<\/strong><\/h1>[\/et_pb_text][\/et_pb_column][\/et_pb_row][\/et_pb_section][et_pb_section fb_built=\u00a0\u00bb1&Prime; _builder_version=\u00a0\u00bb4.23.1&Prime; _module_preset=\u00a0\u00bbdefault\u00a0\u00bb custom_padding=\u00a0\u00bb12px|||||\u00a0\u00bb global_colors_info=\u00a0\u00bb{}\u00a0\u00bb][et_pb_row _builder_version=\u00a0\u00bb4.23.1&Prime; _module_preset=\u00a0\u00bbdefault\u00a0\u00bb global_colors_info=\u00a0\u00bb{}\u00a0\u00bb][et_pb_column type=\u00a0\u00bb4_4&Prime; _builder_version=\u00a0\u00bb4.23.1&Prime; _module_preset=\u00a0\u00bbdefault\u00a0\u00bb global_colors_info=\u00a0\u00bb{}\u00a0\u00bb][et_pb_post_slider include_categories=\u00a0\u00bb11,10&Prime; _builder_version=\u00a0\u00bb4.23.1&Prime; _module_preset=\u00a0\u00bbdefault\u00a0\u00bb global_colors_info=\u00a0\u00bb{}\u00a0\u00bb][\/et_pb_post_slider][\/et_pb_column][\/et_pb_row][et_pb_row _builder_version=\u00a0\u00bb4.23.1&Prime; _module_preset=\u00a0\u00bbdefault\u00a0\u00bb global_colors_info=\u00a0\u00bb{}\u00a0\u00bb][et_pb_column type=\u00a0\u00bb4_4&Prime; _builder_version=\u00a0\u00bb4.23.1&Prime; _module_preset=\u00a0\u00bbdefault\u00a0\u00bb global_colors_info=\u00a0\u00bb{}\u00a0\u00bb][et_pb_text _builder_version=\u00a0\u00bb4.23.1&Prime; _module_preset=\u00a0\u00bbdefault\u00a0\u00bb global_colors_info=\u00a0\u00bb{}\u00a0\u00bb]<p>Dans cette rubrique, vous retrouvez tous les articles du magazine, de la semaine mis en avant. Pour lire l&rsquo;article int\u00e9gral, vous pourrez cliquer sur \u00ab\u00a0lire plus\u00a0\u00bb. Puisque nous savons que notre contenu vous plaira, vous pouvez vous abonn\u00e9s sur nos diff\u00e9rentes plateformes. Afin de ne rien manquer, pour plus d&rsquo;informations vous pouvez cliquer sur les icones des r\u00e9seaux sociaux, afin de nous contacter. Vous pouvez mettre vos avis sur le site, dans l&rsquo;espace commentaire. Afin que nous puissons am\u00e9liorer notre contenu.<\/p>[\/et_pb_text][et_pb_image src=\u00a0\u00bbhttps:\/\/trend-setting.fr\/2a2fr1\/wp-content\/uploads\/sites\/8\/2024\/01\/removal.ai_fa56658b-c780-4c37-bc87-e4770a32f93f-design-sans-titre.png\u00a0\u00bb title_text=\u00a0\u00bb%91removal.ai%93_fa56658b-c780-4c37-bc87-e4770a32f93f-design-sans-titre\u00a0\u00bb _builder_version=\u00a0\u00bb4.23.1&Prime; _module_preset=\u00a0\u00bbdefault\u00a0\u00bb min_height=\u00a0\u00bb461px\u00a0\u00bb custom_margin=\u00a0\u00bb||-206px|||\u00a0\u00bb custom_padding=\u00a0\u00bb|509px|166px|||\u00a0\u00bb global_colors_info=\u00a0\u00bb{}\u00a0\u00bb][\/et_pb_image][\/et_pb_column][\/et_pb_row][et_pb_row column_structure=\u00a0\u00bb1_3,1_3,1_3&Prime; _builder_version=\u00a0\u00bb4.23.1&Prime; _module_preset=\u00a0\u00bbdefault\u00a0\u00bb global_colors_info=\u00a0\u00bb{}\u00a0\u00bb][et_pb_column type=\u00a0\u00bb1_3&Prime; _builder_version=\u00a0\u00bb4.23.1&Prime; _module_preset=\u00a0\u00bbdefault\u00a0\u00bb global_colors_info=\u00a0\u00bb{}\u00a0\u00bb][et_pb_social_media_follow _builder_version=\u00a0\u00bb4.23.1&Prime; _module_preset=\u00a0\u00bbdefault\u00a0\u00bb global_colors_info=\u00a0\u00bb{}\u00a0\u00bb][et_pb_social_media_follow_network social_network=\u00a0\u00bbinstagram\u00a0\u00bb url=\u00a0\u00bbhttps:\/\/www.instagram.com\/acco.moder\/\u00a0\u00bb _builder_version=\u00a0\u00bb4.23.1&Prime; _module_preset=\u00a0\u00bbdefault\u00a0\u00bb background_color=\u00a0\u00bb#000000&Prime; background_enable_color=\u00a0\u00bbon\u00a0\u00bb global_colors_info=\u00a0\u00bb{}\u00a0\u00bb follow_button=\u00a0\u00bboff\u00a0\u00bb url_new_window=\u00a0\u00bbon\u00a0\u00bb]instagram[\/et_pb_social_media_follow_network][et_pb_social_media_follow_network social_network=\u00a0\u00bbtwitter\u00a0\u00bb url=\u00a0\u00bbhttps:\/\/twitter.com\/accomoder2024&Prime; _builder_version=\u00a0\u00bb4.23.1&Prime; _module_preset=\u00a0\u00bbdefault\u00a0\u00bb background_color=\u00a0\u00bb#000000&Prime; global_colors_info=\u00a0\u00bb{}\u00a0\u00bb follow_button=\u00a0\u00bboff\u00a0\u00bb url_new_window=\u00a0\u00bbon\u00a0\u00bb]X[\/et_pb_social_media_follow_network][et_pb_social_media_follow_network social_network=\u00a0\u00bbtiktok\u00a0\u00bb url=\u00a0\u00bbhttps:\/\/www.tiktok.com\/@mag_accomoder?_=SIUo3glq8Xo&amp;_r=1&Prime; _builder_version=\u00a0\u00bb4.23.1&Prime; _module_preset=\u00a0\u00bbdefault\u00a0\u00bb background_color=\u00a0\u00bb#000000&Prime; background_enable_color=\u00a0\u00bbon\u00a0\u00bb global_colors_info=\u00a0\u00bb{}\u00a0\u00bb follow_button=\u00a0\u00bboff\u00a0\u00bb url_new_window=\u00a0\u00bbon\u00a0\u00bb]tiktok[\/et_pb_social_media_follow_network][\/et_pb_social_media_follow][\/et_pb_column][et_pb_column type=\u00a0\u00bb1_3&Prime; _builder_version=\u00a0\u00bb4.23.1&Prime; _module_preset=\u00a0\u00bbdefault\u00a0\u00bb global_colors_info=\u00a0\u00bb{}\u00a0\u00bb][\/et_pb_column][et_pb_column type=\u00a0\u00bb1_3&Prime; _builder_version=\u00a0\u00bb4.23.1&Prime; _module_preset=\u00a0\u00bbdefault\u00a0\u00bb global_colors_info=\u00a0\u00bb{}\u00a0\u00bb][\/et_pb_column][\/et_pb_row][\/et_pb_section]\n","protected":false},"excerpt":{"rendered":"<p>Tous les articles\u00a0\u00a0Dans cette rubrique, vous retrouvez tous les articles du magazine, de la semaine mis en avant. Pour lire l&rsquo;article int\u00e9gral, vous pourrez cliquer sur \u00ab\u00a0lire plus\u00a0\u00bb. Puisque nous savons que notre contenu vous plaira, vous pouvez vous abonn\u00e9s sur nos diff\u00e9rentes plateformes. Afin de ne rien manquer, pour plus d&rsquo;informations vous pouvez cliquer [&hellip;]<\/p>\n","protected":false},"author":33,"featured_media":0,"parent":0,"menu_order":0,"comment_status":"closed","ping_status":"closed","template":"","meta":{"_et_pb_use_builder":"on","_et_pb_old_content":"","_et_gb_content_width":"","footnotes":""},"yoast_head":"<!-- This site is optimized with the Yoast SEO plugin v22.3 - https:\/\/yoast.com\/wordpress\/plugins\/seo\/ -->\n<title>Tous les articles du magazine - Groupe 1 2A2<\/title>\n<meta name=\"description\" content=\"Voici la page, ou vous pouvez retrouver tous les articles du moment du magazine ACCO&#039;MODER. Nous esp\u00e9rons que le contenu vous plaira.\" \/>\n<meta name=\"robots\" content=\"index, follow, max-snippet:-1, max-image-preview:large, max-video-preview:-1\" \/>\n<link rel=\"canonical\" href=\"https:\/\/trend-setting.fr\/2a2fr1\/tous-les-articles-du-magazine\/\" \/>\n<meta property=\"og:locale\" content=\"fr_FR\" \/>\n<meta property=\"og:type\" content=\"article\" \/>\n<meta property=\"og:title\" content=\"https:\/\/www.instagram.com\/acco.moder\/\" \/>\n<meta property=\"og:description\" content=\"Voici la page, ou vous pouvez retrouver tous les articles du moment du magazine ACCO&#039;MODER. Nous esp\u00e9rons que le contenu vous plaira.\" \/>\n<meta property=\"og:url\" content=\"https:\/\/trend-setting.fr\/2a2fr1\/tous-les-articles-du-magazine\/\" \/>\n<meta property=\"og:site_name\" content=\"Groupe 1 2A2\" \/>\n<meta property=\"article:modified_time\" content=\"2024-04-18T13:51:07+00:00\" \/>\n<meta name=\"twitter:card\" content=\"summary_large_image\" \/>\n<meta name=\"twitter:title\" content=\"https:\/\/twitter.com\/accomoder2024\" \/>\n<meta name=\"twitter:label1\" content=\"Dur\u00e9e de lecture estim\u00e9e\" \/>\n\t<meta name=\"twitter:data1\" content=\"2 minutes\" \/>\n<script type=\"application\/ld+json\" class=\"yoast-schema-graph\">{\"@context\":\"https:\/\/schema.org\",\"@graph\":[{\"@type\":\"WebPage\",\"@id\":\"https:\/\/trend-setting.fr\/2a2fr1\/tous-les-articles-du-magazine\/\",\"url\":\"https:\/\/trend-setting.fr\/2a2fr1\/tous-les-articles-du-magazine\/\",\"name\":\"Tous les articles du magazine - Groupe 1 2A2\",\"isPartOf\":{\"@id\":\"https:\/\/trend-setting.fr\/2a2fr1\/#website\"},\"datePublished\":\"2024-01-03T18:35:40+00:00\",\"dateModified\":\"2024-04-18T13:51:07+00:00\",\"description\":\"Voici la page, ou vous pouvez retrouver tous les articles du moment du magazine ACCO'MODER. Nous esp\u00e9rons que le contenu vous plaira.\",\"breadcrumb\":{\"@id\":\"https:\/\/trend-setting.fr\/2a2fr1\/tous-les-articles-du-magazine\/#breadcrumb\"},\"inLanguage\":\"fr-FR\",\"potentialAction\":[{\"@type\":\"ReadAction\",\"target\":[\"https:\/\/trend-setting.fr\/2a2fr1\/tous-les-articles-du-magazine\/\"]}]},{\"@type\":\"BreadcrumbList\",\"@id\":\"https:\/\/trend-setting.fr\/2a2fr1\/tous-les-articles-du-magazine\/#breadcrumb\",\"itemListElement\":[{\"@type\":\"ListItem\",\"position\":1,\"name\":\"Accueil\",\"item\":\"https:\/\/trend-setting.fr\/2a2fr1\/\"},{\"@type\":\"ListItem\",\"position\":2,\"name\":\"Tous les articles du magazine\"}]},{\"@type\":\"WebSite\",\"@id\":\"https:\/\/trend-setting.fr\/2a2fr1\/#website\",\"url\":\"https:\/\/trend-setting.fr\/2a2fr1\/\",\"name\":\"Groupe 1 2A2\",\"description\":\"\",\"potentialAction\":[{\"@type\":\"SearchAction\",\"target\":{\"@type\":\"EntryPoint\",\"urlTemplate\":\"https:\/\/trend-setting.fr\/2a2fr1\/?s={search_term_string}\"},\"query-input\":\"required name=search_term_string\"}],\"inLanguage\":\"fr-FR\"}]}<\/script>\n<!-- \/ Yoast SEO plugin. -->","yoast_head_json":{"title":"Tous les articles du magazine - Groupe 1 2A2","description":"Voici la page, ou vous pouvez retrouver tous les articles du moment du magazine ACCO'MODER. Nous esp\u00e9rons que le contenu vous plaira.","robots":{"index":"index","follow":"follow","max-snippet":"max-snippet:-1","max-image-preview":"max-image-preview:large","max-video-preview":"max-video-preview:-1"},"canonical":"https:\/\/trend-setting.fr\/2a2fr1\/tous-les-articles-du-magazine\/","og_locale":"fr_FR","og_type":"article","og_title":"https:\/\/www.instagram.com\/acco.moder\/","og_description":"Voici la page, ou vous pouvez retrouver tous les articles du moment du magazine ACCO'MODER. Nous esp\u00e9rons que le contenu vous plaira.","og_url":"https:\/\/trend-setting.fr\/2a2fr1\/tous-les-articles-du-magazine\/","og_site_name":"Groupe 1 2A2","article_modified_time":"2024-04-18T13:51:07+00:00","twitter_card":"summary_large_image","twitter_title":"https:\/\/twitter.com\/accomoder2024","twitter_misc":{"Dur\u00e9e de lecture estim\u00e9e":"2 minutes"},"schema":{"@context":"https:\/\/schema.org","@graph":[{"@type":"WebPage","@id":"https:\/\/trend-setting.fr\/2a2fr1\/tous-les-articles-du-magazine\/","url":"https:\/\/trend-setting.fr\/2a2fr1\/tous-les-articles-du-magazine\/","name":"Tous les articles du magazine - Groupe 1 2A2","isPartOf":{"@id":"https:\/\/trend-setting.fr\/2a2fr1\/#website"},"datePublished":"2024-01-03T18:35:40+00:00","dateModified":"2024-04-18T13:51:07+00:00","description":"Voici la page, ou vous pouvez retrouver tous les articles du moment du magazine ACCO'MODER. Nous esp\u00e9rons que le contenu vous plaira.","breadcrumb":{"@id":"https:\/\/trend-setting.fr\/2a2fr1\/tous-les-articles-du-magazine\/#breadcrumb"},"inLanguage":"fr-FR","potentialAction":[{"@type":"ReadAction","target":["https:\/\/trend-setting.fr\/2a2fr1\/tous-les-articles-du-magazine\/"]}]},{"@type":"BreadcrumbList","@id":"https:\/\/trend-setting.fr\/2a2fr1\/tous-les-articles-du-magazine\/#breadcrumb","itemListElement":[{"@type":"ListItem","position":1,"name":"Accueil","item":"https:\/\/trend-setting.fr\/2a2fr1\/"},{"@type":"ListItem","position":2,"name":"Tous les articles du magazine"}]},{"@type":"WebSite","@id":"https:\/\/trend-setting.fr\/2a2fr1\/#website","url":"https:\/\/trend-setting.fr\/2a2fr1\/","name":"Groupe 1 2A2","description":"","potentialAction":[{"@type":"SearchAction","target":{"@type":"EntryPoint","urlTemplate":"https:\/\/trend-setting.fr\/2a2fr1\/?s={search_term_string}"},"query-input":"required name=search_term_string"}],"inLanguage":"fr-FR"}]}},"_links":{"self":[{"href":"https:\/\/trend-setting.fr\/2a2fr1\/wp-json\/wp\/v2\/pages\/72"}],"collection":[{"href":"https:\/\/trend-setting.fr\/2a2fr1\/wp-json\/wp\/v2\/pages"}],"about":[{"href":"https:\/\/trend-setting.fr\/2a2fr1\/wp-json\/wp\/v2\/types\/page"}],"author":[{"embeddable":true,"href":"https:\/\/trend-setting.fr\/2a2fr1\/wp-json\/wp\/v2\/users\/33"}],"replies":[{"embeddable":true,"href":"https:\/\/trend-setting.fr\/2a2fr1\/wp-json\/wp\/v2\/comments?post=72"}],"version-history":[{"count":25,"href":"https:\/\/trend-setting.fr\/2a2fr1\/wp-json\/wp\/v2\/pages\/72\/revisions"}],"predecessor-version":[{"id":708,"href":"https:\/\/trend-setting.fr\/2a2fr1\/wp-json\/wp\/v2\/pages\/72\/revisions\/708"}],"wp:attachment":[{"href":"https:\/\/trend-setting.fr\/2a2fr1\/wp-json\/wp\/v2\/media?parent=72"}],"curies":[{"name":"wp","href":"https:\/\/api.w.org\/{rel}","templated":true}]}}